{"id":5609,"date":"2025-07-17T15:14:29","date_gmt":"2025-07-17T15:14:29","guid":{"rendered":"https:\/\/durabilitas.ch\/?page_id=5609"},"modified":"2025-12-19T10:12:11","modified_gmt":"2025-12-19T10:12:11","slug":"ressources","status":"publish","type":"page","link":"https:\/\/durabilitas.ch\/fr\/ressources\/","title":{"rendered":"Ressources"},"content":{"rendered":"\r\n<header id=\"header-block_a62067e5c0e224339b0d69c5f0fa5a18\" class=\"page-header has-no-image has-spacing--default\">\r\n\r\n    \r\n    <div class=\"page-header__content has-no-image\">\r\n\r\n        <div class=\"page-header__inner\">\r\n\r\n            <div class=\"page-header__title\">\n\n<h1 class=\"wp-block-heading is-style--kicker\">Publications &amp; prises de position<\/h1>\n\n\n\n<h2 class=\"wp-block-heading\">D\u00e9couvrez notre travail d\u2019analyse<\/h2>\n\n\n\n<p class=\"page-header__text\">Nous publions r\u00e9guli\u00e8rement des \u00e9tudes, des analyses, des notes de transfert de connaissances et des recommandations \u00e0 l\u2019intention des d\u00e9cideuses et d\u00e9cideurs (Policy Brief).<br><br>Nous participons \u00e9galement&nbsp; au d\u00e9bat d\u00e9mocratique et politique (par exemple au travers de prises de position). Vous trouverez ici l\u2019ensemble de nos publications r\u00e9centes.&nbsp;<\/p>\n\n<\/div>\r\n        <\/div>\r\n\r\n        \r\n        \r\n    <\/div><!-- .page-header__content -->\r\n\r\n\r\n    \r\n        \r\n    \r\n<\/header>\r\n\r\n\n\n\r\n    <aside id=\"info-list-block_bad4ce7042aeb4120a3ed92f3bbf0346\" class=\"info-list-block has-spacing--default has-color-blue-light\">\r\n\r\n     \r\n            <p class=\"info-list__headline\">\r\n                Nos publications            <\/p>\r\n    \r\n        <div class=\"info-list\">\r\n\r\n            \r\n                <div class=\"info-list__item\">\r\n\r\n                     \r\n\r\n                            <a href=\"https:\/\/durabilitas.ch\/wp-content\/uploads\/2025\/05\/JT_KTN1_WEB_250428.pdf\" \r\n                            class=\"link-intern\" \r\n                            target=\"_blank\">\r\n                        \r\n                        \r\n\r\n\r\n                        <h5 class=\"info-list__item__title\">\r\n                            Note de transfert de connaissances\u00a0: Vers une Transition juste en Suisse (2025)                        <\/h5>\r\n\r\n\r\n\r\n                                            <span class=\"info-list-icon\"><\/span>\r\n                        <\/a>\r\n                    \r\n\r\n                <\/div><!-- .info-list__item -->\r\n\r\n            \r\n                <div class=\"info-list__item\">\r\n\r\n                     \r\n\r\n                            <a href=\"https:\/\/durabilitas.ch\/wp-content\/uploads\/2025\/04\/PolicyBrief_RevisionLPE_FR.pdf\" \r\n                            class=\"link-intern\" \r\n                            target=\"_blank\">\r\n                        \r\n                        \r\n\r\n\r\n                        <h5 class=\"info-list__item__title\">\r\n                            Policy Brief\u00a0: R\u00e9vision de la Loi f\u00e9d\u00e9rale sur la protection de l\u2019environnement (LPE) pour l\u2019\u00e9conomie circulaire (2024)                        <\/h5>\r\n\r\n\r\n\r\n                                            <span class=\"info-list-icon\"><\/span>\r\n                        <\/a>\r\n                    \r\n\r\n                <\/div><!-- .info-list__item -->\r\n\r\n            \r\n                <div class=\"info-list__item\">\r\n\r\n                     \r\n\r\n                            <a href=\"https:\/\/durabilitas.ch\/wp-content\/uploads\/2025\/04\/240315-Studie-Diffusion-KLW-sanu-durabilitas-final.pdf\" \r\n                            class=\"link-intern\" \r\n                            target=\"_blank\">\r\n                        \r\n                        \r\n\r\n\r\n                        <h5 class=\"info-list__item__title\">\r\n                            \u00c9tude\u00a0: Diffusion von Kreislaufwirtschafts-L\u00f6sungen \u2013 Lernen von Pionier-KMUs in der Schweiz (de, 2024)                        <\/h5>\r\n\r\n\r\n\r\n                                            <span class=\"info-list-icon\"><\/span>\r\n                        <\/a>\r\n                    \r\n\r\n                <\/div><!-- .info-list__item -->\r\n\r\n            \r\n                <div class=\"info-list__item\">\r\n\r\n                     \r\n\r\n                            <a href=\"https:\/\/durabilitas.ch\/wp-content\/uploads\/2025\/04\/240416_Policy_brief_Diffusionsstudie_fr_final_neu.pdf\" \r\n                            class=\"link-intern\" \r\n                            target=\"_blank\">\r\n                        \r\n                        \r\n\r\n\r\n                        <h5 class=\"info-list__item__title\">\r\n                            Policy Brief\u00a0: Recommandations concernant la promotion de mod\u00e8les d\u2019affaires circulaires (2024)                        <\/h5>\r\n\r\n\r\n\r\n                                            <span class=\"info-list-icon\"><\/span>\r\n                        <\/a>\r\n                    \r\n\r\n                <\/div><!-- .info-list__item -->\r\n\r\n            \r\n                <div class=\"info-list__item\">\r\n\r\n                     \r\n\r\n                            <a href=\"https:\/\/durabilitas.ch\/wp-content\/uploads\/2025\/07\/Final_Bericht_Labels.pdf\" \r\n                            class=\"link-intern\" \r\n                            target=\"_blank\">\r\n                        \r\n                        \r\n\r\n\r\n                        <h5 class=\"info-list__item__title\">\r\n                            Analyse\u00a0: Potenzial von Labels und Standards zur F\u00f6rderung einer nachhaltigen Bodennutzung (de, 2023)                        <\/h5>\r\n\r\n\r\n\r\n                                            <span class=\"info-list-icon\"><\/span>\r\n                        <\/a>\r\n                    \r\n\r\n                <\/div><!-- .info-list__item -->\r\n\r\n            \r\n                <div class=\"info-list__item\">\r\n\r\n                     \r\n\r\n                            <a href=\"https:\/\/durabilitas.ch\/wp-content\/uploads\/2025\/05\/20230109_SD_kn5_booklet_A5_FR_SMALL.pdf\" \r\n                            class=\"link-intern\" \r\n                            target=\"_blank\">\r\n                        \r\n                        \r\n\r\n\r\n                        <h5 class=\"info-list__item__title\">\r\n                            Note de transfert de connaissances Lace 5\u00a0: Pour une \u00e9conomie circulaire des bouteilles en verre (2023)                        <\/h5>\r\n\r\n\r\n\r\n                                            <span class=\"info-list-icon\"><\/span>\r\n                        <\/a>\r\n                    \r\n\r\n                <\/div><!-- .info-list__item -->\r\n\r\n            \r\n                <div class=\"info-list__item\">\r\n\r\n                     \r\n\r\n                            <a href=\"https:\/\/durabilitas.ch\/wp-content\/uploads\/2025\/12\/durabilitas_notes_2-gestion-durable-des-sols_2025.pdf\" \r\n                            class=\"link-intern\" \r\n                            target=\"_blank\">\r\n                        \r\n                        \r\n\r\n\r\n                        <h5 class=\"info-list__item__title\">\r\n                            durabilitas notes 2\u00a0: G\u00e9rer durablement les sols \u2013 Pourquoi tenir compte de la qualit\u00e9 du sol dans l\u2019am\u00e9nagement du territoire\u00a0? (2022)                        <\/h5>\r\n\r\n\r\n\r\n                                            <span class=\"info-list-icon\"><\/span>\r\n                        <\/a>\r\n                    \r\n\r\n                <\/div><!-- .info-list__item -->\r\n\r\n            \r\n                <div class=\"info-list__item\">\r\n\r\n                     \r\n\r\n                            <a href=\"https:\/\/durabilitas.ch\/wp-content\/uploads\/2025\/12\/durabilitas_notes_3_Indice_qualite_sols_2025.pdf\" \r\n                            class=\"link-intern\" \r\n                            target=\"_blank\">\r\n                        \r\n                        \r\n\r\n\r\n                        <h5 class=\"info-list__item__title\">\r\n                            durabilitas notes 3\u00a0: Les indices de qualit\u00e9 des sols \u2013 un instrument d\u2019avenir pour l\u2019am\u00e9nagement du territoire (2022)                        <\/h5>\r\n\r\n\r\n\r\n                                            <span class=\"info-list-icon\"><\/span>\r\n                        <\/a>\r\n                    \r\n\r\n                <\/div><!-- .info-list__item -->\r\n\r\n            \r\n                <div class=\"info-list__item\">\r\n\r\n                     \r\n\r\n                            <a href=\"https:\/\/durabilitas.ch\/wp-content\/uploads\/2025\/09\/20220110_SD_kn4_booklet_A5_FR_SMALL-3.pdf\" \r\n                            class=\"link-intern\" \r\n                            target=\"_blank\">\r\n                        \r\n                        \r\n\r\n\r\n                        <h5 class=\"info-list__item__title\">\r\n                            Note de transfert de connaissances Lace 4\u00a0: Pression sur les ressources\u00a0: une m\u00e9thode de design circulaire (2022)                        <\/h5>\r\n\r\n\r\n\r\n                                            <span class=\"info-list-icon\"><\/span>\r\n                        <\/a>\r\n                    \r\n\r\n                <\/div><!-- .info-list__item -->\r\n\r\n            \r\n                <div class=\"info-list__item\">\r\n\r\n                     \r\n\r\n                            <a href=\"https:\/\/durabilitas.ch\/wp-content\/uploads\/2025\/09\/20210810_SD_kn3_booklet_A5_FR_SMALL.pdf\" \r\n                            class=\"link-intern\" \r\n                            target=\"_blank\">\r\n                        \r\n                        \r\n\r\n\r\n                        <h5 class=\"info-list__item__title\">\r\n                            Note de transfert de connaissances Lace 3\u00a0: Estimer des budgets de ressources pour une \u00e9conomie durable (2021)                        <\/h5>\r\n\r\n\r\n\r\n                                            <span class=\"info-list-icon\"><\/span>\r\n                        <\/a>\r\n                    \r\n\r\n                <\/div><!-- .info-list__item -->\r\n\r\n            \r\n                <div class=\"info-list__item\">\r\n\r\n                     \r\n\r\n                            <a href=\"https:\/\/durabilitas.ch\/wp-content\/uploads\/2025\/09\/20210331_SD_kn2_booklet_A5_FR.pdf\" \r\n                            class=\"link-intern\" \r\n                            target=\"_blank\">\r\n                        \r\n                        \r\n\r\n\r\n                        <h5 class=\"info-list__item__title\">\r\n                            Note de transfert de connaissances Lace 2\u00a0: Alimenter une \u00e9conomie circulaire avec les \u00e9nergies renouvelables\u00a0? (2021)                        <\/h5>\r\n\r\n\r\n\r\n                                            <span class=\"info-list-icon\"><\/span>\r\n                        <\/a>\r\n                    \r\n\r\n                <\/div><!-- .info-list__item -->\r\n\r\n            \r\n                <div class=\"info-list__item\">\r\n\r\n                     \r\n\r\n                            <a href=\"https:\/\/durabilitas.ch\/wp-content\/uploads\/2025\/09\/201203_SD_kn1_booklet_A5_FR_SMALL.pdf\" \r\n                            class=\"link-intern\" \r\n                            target=\"_blank\">\r\n                        \r\n                        \r\n\r\n\r\n                        <h5 class=\"info-list__item__title\">\r\n                            Note de transfert de connaissances Lace 1\u00a0: Une \u00e9conomie circulaire qui respecte les limites plan\u00e9taires (2020)                        <\/h5>\r\n\r\n\r\n\r\n                                            <span class=\"info-list-icon\"><\/span>\r\n                        <\/a>\r\n                    \r\n\r\n                <\/div><!-- .info-list__item -->\r\n\r\n            \r\n                <div class=\"info-list__item\">\r\n\r\n                     \r\n\r\n                            <a href=\"https:\/\/durabilitas.ch\/wp-content\/uploads\/2025\/04\/Wie_sich_der_Bodenverbrauch_stoppen_laesst.pdf\" \r\n                            class=\"link-intern\" \r\n                            target=\"_blank\">\r\n                        \r\n                        \r\n\r\n\r\n                        <h5 class=\"info-list__item__title\">\r\n                            Note de transfert de connaissances\u00a0: Wie sich der Bodenverbrauch stoppen l\u00e4sst (de, 2016)                        <\/h5>\r\n\r\n\r\n\r\n                                            <span class=\"info-list-icon\"><\/span>\r\n                        <\/a>\r\n                    \r\n\r\n                <\/div><!-- .info-list__item -->\r\n\r\n            \r\n                <div class=\"info-list__item\">\r\n\r\n                     \r\n\r\n                            <a href=\"https:\/\/durabilitas.ch\/wp-content\/uploads\/2025\/08\/2016_Steuerungsinstrumente_der_Bodennutzung-1.pdf\" \r\n                            class=\"link-intern\" \r\n                            target=\"_blank\">\r\n                        \r\n                        \r\n\r\n\r\n                        <h5 class=\"info-list__item__title\">\r\n                            Note de transfert de connaissances\u00a0: Steuerungsinstrumente der Bodennutzung (de, 2016)                        <\/h5>\r\n\r\n\r\n\r\n                                            <span class=\"info-list-icon\"><\/span>\r\n                        <\/a>\r\n                    \r\n\r\n                <\/div><!-- .info-list__item -->\r\n\r\n                    \r\n\r\n        <\/div><!-- .info-list -->\r\n\r\n\r\n    <\/aside>\r\n\r\n\n\n\r\n    <aside id=\"info-list-block_93e2a58c2d79a265ace3ce89d5384937\" class=\"info-list-block has-spacing--default\">\r\n\r\n     \r\n            <p class=\"info-list__headline\">\r\n                Nos prises de position            <\/p>\r\n    \r\n        <div class=\"info-list\">\r\n\r\n            \r\n                <div class=\"info-list__item\">\r\n\r\n                     \r\n\r\n                            <a href=\"https:\/\/durabilitas.ch\/wp-content\/uploads\/2025\/09\/Durabilitas_Revision_OLED_OEm.pdf\" \r\n                            class=\"link-intern\" \r\n                            target=\"_blank\">\r\n                        \r\n                        \r\n\r\n\r\n                        <h5 class=\"info-list__item__title\">\r\n                            Prise de position \u00e0 propos l\u2019adaptation de l\u2019Ordonnance sur la limitation et l\u2019\u00e9limination des d\u00e9chets (OLED) et pour la nouvelle Ordonnance sur les emballages (OEm) (2025)                        <\/h5>\r\n\r\n\r\n\r\n                                            <span class=\"info-list-icon\"><\/span>\r\n                        <\/a>\r\n                    \r\n\r\n                <\/div><!-- .info-list__item -->\r\n\r\n            \r\n                <div class=\"info-list__item\">\r\n\r\n                     \r\n\r\n                            <a href=\"https:\/\/durabilitas.ch\/wp-content\/uploads\/2025\/05\/20250415_Stellungnahme_RKCH_Website.pdf\" \r\n                            class=\"link-intern\" \r\n                            target=\"_blank\">\r\n                        \r\n                        \r\n\r\n\r\n                        <h5 class=\"info-list__item__title\">\r\n                            Prise de position \u00e0 propos le projet \u00ab\u00a0R\u00e9vision du Projet de territoire Suisse 2024\u00a0\u00bb (de, 2025)                        <\/h5>\r\n\r\n\r\n\r\n                                            <span class=\"info-list-icon\"><\/span>\r\n                        <\/a>\r\n                    \r\n\r\n                <\/div><!-- .info-list__item -->\r\n\r\n            \r\n                <div class=\"info-list__item\">\r\n\r\n                     \r\n\r\n                            <a href=\"https:\/\/durabilitas.ch\/wp-content\/uploads\/2025\/08\/Stellungnahme-CES-Vernehmlassung-Parl-Initiative-20-433.pdf\" \r\n                            class=\"link-intern\" \r\n                            target=\"_blank\">\r\n                        \r\n                        \r\n\r\n\r\n                        <h5 class=\"info-list__item__title\">\r\n                            Prise de position  \u00e0 propos \u00ab\u00a020.433 IV. PA D\u00e9velopper l&rsquo;\u00e9conomie circulaire en suisse\u00a0\u00bb (de, 2022)                        <\/h5>\r\n\r\n\r\n\r\n                                            <span class=\"info-list-icon\"><\/span>\r\n                        <\/a>\r\n                    \r\n\r\n                <\/div><!-- .info-list__item -->\r\n\r\n            \r\n                <div class=\"info-list__item\">\r\n\r\n                     \r\n\r\n                            <a href=\"https:\/\/durabilitas.ch\/wp-content\/uploads\/2025\/08\/sanu-durabilitas_commentaires_OREA_final.pdf\" \r\n                            class=\"link-intern\" \r\n                            target=\"_blank\">\r\n                        \r\n                        \r\n\r\n\r\n                        <h5 class=\"info-list__item__title\">\r\n                            Prise de position \u00e0 propos de l\u2019Ordonnance sur la restitution, la reprise et l\u2019\u00e9limination des appareils \u00e9lectriques et \u00e9lectroniques (OREA) (2020)                        <\/h5>\r\n\r\n\r\n\r\n                                            <span class=\"info-list-icon\"><\/span>\r\n                        <\/a>\r\n                    \r\n\r\n                <\/div><!-- .info-list__item -->\r\n\r\n                    \r\n\r\n        <\/div><!-- .info-list -->\r\n\r\n\r\n    <\/aside>\r\n\r\n\n\n\r\n<div class=\"teaser-abschnitt has-spacing--default has-color-blue-light\">\r\n    <div class=\"acf-innerblocks-container\">\n\n<h2 class=\"wp-block-heading is-style--kicker\">\u00c9conomie circulaire, sant\u00e9 des sols et transition juste<\/h2>\n\n\n\n<p class=\"teaser-abschnitt__text\">Vous trouverez ici plus d&rsquo;informations sur nos th\u00e8mes principaux&nbsp;:<\/p>\n\n<\/div>\r\n            <a class=\"btn--border\" href=\"https:\/\/durabilitas.ch\/fr\/themes\/\" \r\n        target=\"_blank\">\r\n            Nos th\u00e8mes        <\/a>\r\n    \r\n<\/div>","protected":false},"excerpt":{"rendered":"","protected":false},"author":3,"featured_media":0,"parent":0,"menu_order":0,"comment_status":"closed","ping_status":"closed","template":"","meta":{"_acf_changed":false,"footnotes":""},"class_list":["post-5609","page","type-page","status-publish","hentry"],"acf":[],"yoast_head":"<!-- This site is optimized with the Yoast SEO plugin v27.3 - https:\/\/yoast.com\/product\/yoast-seo-wordpress\/ -->\n<title>Ressources - Durabilitas<\/title>\n<meta name=\"description\" content=\"Veuillez trouver ici nos prises de position et publications sur l&#039;\u00e9conomie circulaire, la sant\u00e9 des sols et la transition juste en Suisse.\" \/>\n<meta name=\"robots\" content=\"index, follow, max-snippet:-1, max-image-preview:large, max-video-preview:-1\" \/>\n<link rel=\"canonical\" href=\"https:\/\/durabilitas.ch\/fr\/ressources\/\" \/>\n<meta property=\"og:locale\" content=\"fr_FR\" \/>\n<meta property=\"og:type\" content=\"article\" \/>\n<meta property=\"og:title\" content=\"Ressources - Durabilitas\" \/>\n<meta property=\"og:description\" content=\"Veuillez trouver ici nos prises de position et publications sur l&#039;\u00e9conomie circulaire, la sant\u00e9 des sols et la transition juste en Suisse.\" \/>\n<meta property=\"og:url\" content=\"https:\/\/durabilitas.ch\/fr\/ressources\/\" \/>\n<meta property=\"og:site_name\" content=\"Durabilitas\" \/>\n<meta property=\"article:modified_time\" content=\"2025-12-19T10:12:11+00:00\" \/>\n<meta name=\"twitter:card\" content=\"summary_large_image\" \/>\n<script type=\"application\/ld+json\" class=\"yoast-schema-graph\">{\"@context\":\"https:\\\/\\\/schema.org\",\"@graph\":[{\"@type\":\"WebPage\",\"@id\":\"https:\\\/\\\/durabilitas.ch\\\/fr\\\/ressources\\\/\",\"url\":\"https:\\\/\\\/durabilitas.ch\\\/fr\\\/ressources\\\/\",\"name\":\"Ressources - Durabilitas\",\"isPartOf\":{\"@id\":\"https:\\\/\\\/durabilitas.ch\\\/fr\\\/#website\"},\"datePublished\":\"2025-07-17T15:14:29+00:00\",\"dateModified\":\"2025-12-19T10:12:11+00:00\",\"description\":\"Veuillez trouver ici nos prises de position et publications sur l'\u00e9conomie circulaire, la sant\u00e9 des sols et la transition juste en Suisse.\",\"breadcrumb\":{\"@id\":\"https:\\\/\\\/durabilitas.ch\\\/fr\\\/ressources\\\/#breadcrumb\"},\"inLanguage\":\"fr-FR\",\"potentialAction\":[{\"@type\":\"ReadAction\",\"target\":[\"https:\\\/\\\/durabilitas.ch\\\/fr\\\/ressources\\\/\"]}]},{\"@type\":\"BreadcrumbList\",\"@id\":\"https:\\\/\\\/durabilitas.ch\\\/fr\\\/ressources\\\/#breadcrumb\",\"itemListElement\":[{\"@type\":\"ListItem\",\"position\":1,\"name\":\"Home\",\"item\":\"https:\\\/\\\/durabilitas.ch\\\/fr\\\/\"},{\"@type\":\"ListItem\",\"position\":2,\"name\":\"Ressources\"}]},{\"@type\":\"WebSite\",\"@id\":\"https:\\\/\\\/durabilitas.ch\\\/fr\\\/#website\",\"url\":\"https:\\\/\\\/durabilitas.ch\\\/fr\\\/\",\"name\":\"Durabilitas\",\"description\":\"\",\"potentialAction\":[{\"@type\":\"SearchAction\",\"target\":{\"@type\":\"EntryPoint\",\"urlTemplate\":\"https:\\\/\\\/durabilitas.ch\\\/fr\\\/?s={search_term_string}\"},\"query-input\":{\"@type\":\"PropertyValueSpecification\",\"valueRequired\":true,\"valueName\":\"search_term_string\"}}],\"inLanguage\":\"fr-FR\"}]}<\/script>\n<!-- \/ Yoast SEO plugin. -->","yoast_head_json":{"title":"Ressources - Durabilitas","description":"Veuillez trouver ici nos prises de position et publications sur l'\u00e9conomie circulaire, la sant\u00e9 des sols et la transition juste en Suisse.","robots":{"index":"index","follow":"follow","max-snippet":"max-snippet:-1","max-image-preview":"max-image-preview:large","max-video-preview":"max-video-preview:-1"},"canonical":"https:\/\/durabilitas.ch\/fr\/ressources\/","og_locale":"fr_FR","og_type":"article","og_title":"Ressources - Durabilitas","og_description":"Veuillez trouver ici nos prises de position et publications sur l'\u00e9conomie circulaire, la sant\u00e9 des sols et la transition juste en Suisse.","og_url":"https:\/\/durabilitas.ch\/fr\/ressources\/","og_site_name":"Durabilitas","article_modified_time":"2025-12-19T10:12:11+00:00","twitter_card":"summary_large_image","schema":{"@context":"https:\/\/schema.org","@graph":[{"@type":"WebPage","@id":"https:\/\/durabilitas.ch\/fr\/ressources\/","url":"https:\/\/durabilitas.ch\/fr\/ressources\/","name":"Ressources - Durabilitas","isPartOf":{"@id":"https:\/\/durabilitas.ch\/fr\/#website"},"datePublished":"2025-07-17T15:14:29+00:00","dateModified":"2025-12-19T10:12:11+00:00","description":"Veuillez trouver ici nos prises de position et publications sur l'\u00e9conomie circulaire, la sant\u00e9 des sols et la transition juste en Suisse.","breadcrumb":{"@id":"https:\/\/durabilitas.ch\/fr\/ressources\/#breadcrumb"},"inLanguage":"fr-FR","potentialAction":[{"@type":"ReadAction","target":["https:\/\/durabilitas.ch\/fr\/ressources\/"]}]},{"@type":"BreadcrumbList","@id":"https:\/\/durabilitas.ch\/fr\/ressources\/#breadcrumb","itemListElement":[{"@type":"ListItem","position":1,"name":"Home","item":"https:\/\/durabilitas.ch\/fr\/"},{"@type":"ListItem","position":2,"name":"Ressources"}]},{"@type":"WebSite","@id":"https:\/\/durabilitas.ch\/fr\/#website","url":"https:\/\/durabilitas.ch\/fr\/","name":"Durabilitas","description":"","potentialAction":[{"@type":"SearchAction","target":{"@type":"EntryPoint","urlTemplate":"https:\/\/durabilitas.ch\/fr\/?s={search_term_string}"},"query-input":{"@type":"PropertyValueSpecification","valueRequired":true,"valueName":"search_term_string"}}],"inLanguage":"fr-FR"}]}},"_links":{"self":[{"href":"https:\/\/durabilitas.ch\/fr\/wp-json\/wp\/v2\/pages\/5609","targetHints":{"allow":["GET"]}}],"collection":[{"href":"https:\/\/durabilitas.ch\/fr\/wp-json\/wp\/v2\/pages"}],"about":[{"href":"https:\/\/durabilitas.ch\/fr\/wp-json\/wp\/v2\/types\/page"}],"author":[{"embeddable":true,"href":"https:\/\/durabilitas.ch\/fr\/wp-json\/wp\/v2\/users\/3"}],"replies":[{"embeddable":true,"href":"https:\/\/durabilitas.ch\/fr\/wp-json\/wp\/v2\/comments?post=5609"}],"version-history":[{"count":5,"href":"https:\/\/durabilitas.ch\/fr\/wp-json\/wp\/v2\/pages\/5609\/revisions"}],"predecessor-version":[{"id":6019,"href":"https:\/\/durabilitas.ch\/fr\/wp-json\/wp\/v2\/pages\/5609\/revisions\/6019"}],"wp:attachment":[{"href":"https:\/\/durabilitas.ch\/fr\/wp-json\/wp\/v2\/media?parent=5609"}],"curies":[{"name":"wp","href":"https:\/\/api.w.org\/{rel}","templated":true}]}}