{"id":2622,"date":"2025-04-08T08:27:36","date_gmt":"2025-04-08T08:27:36","guid":{"rendered":"https:\/\/durabilitas.ch\/impressum\/"},"modified":"2026-03-25T07:12:37","modified_gmt":"2026-03-25T07:12:37","slug":"mentions-legales","status":"publish","type":"page","link":"https:\/\/durabilitas.ch\/fr\/mentions-legales\/","title":{"rendered":"Mentions l\u00e9gales"},"content":{"rendered":"\n<h2 class=\"wp-block-heading\">Mentions l\u00e9gales<\/h2>\n\n\n\n<p class=\"wp-block-paragraph\"><strong>Contact\u00a0<\/strong><br>sanu durabilitas \u2013 Fondation suisse pour le D\u00e9veloppement durable<br>Rue du G\u00e9n\u00e9ral-Dufour 18<br>2502 Biel-Bienne<br>info@durabilitas.ch | T 033 533 22 14<\/p>\n\n\n\n<p class=\"wp-block-paragraph\"><strong>Inscription au registre de commerce<br><\/strong>UID CHE-101.292.254<br>Enregistr\u00e9 le 04.02.2015<\/p>\n\n\n\n<p class=\"wp-block-paragraph\"><strong>Office du registre du commerce<br><\/strong>Office du registre du commerce du canton de Berne<\/p>\n\n\n\n<p class=\"wp-block-paragraph\"><strong>Responsabilit\u00e9 des liens<br><\/strong>Les renvois et les liens vers d\u2019autres sites ne rel\u00e8vent pas de notre responsabilit\u00e9. L\u2019acc\u00e8s et l\u2019utilisation de ces sites se font aux risques de l\u2019internaute. Nous d\u00e9clarons express\u00e9ment que nous n\u2019avons aucune influence sur la conception, le contenu et les offres des pages rendues accessibles par des liens. Les informations et les prestations propos\u00e9es sur des sites rendus accessibles par des liens rel\u00e8vent enti\u00e8rement de la responsabilit\u00e9 des tiers correspondants.<\/p>\n\n\n\n<p class=\"wp-block-paragraph\"><strong>Droit d\u2019auteur<br><\/strong>Les droits d\u2019auteur ou tous autres droits sur les contenus, images, photos ou autres donn\u00e9es sur les pages Internet de sanu durabilitas lui appartiennent en exclusivit\u00e9 ou aux d\u00e9tenteurs des droits sp\u00e9cifiquement mentionn\u00e9s. Toute reproduction est interdite sans l\u2019autorisation \u00e9crite des d\u00e9tenteurs des droits d\u2019auteur.<\/p>\n\n\n\n<p class=\"wp-block-paragraph\"><strong>Informations relatives aux droits d&rsquo;image<br><\/strong>Photos des collaborateurs et collaboratrices: \u00a9Silvia Rohrbach, <a href=\"http:\/\/sirografik.ch\" target=\"_blank\" rel=\"noreferrer noopener\">sirografik.ch<\/a>, autres images: \u00a9durabilitas, \u00a9iStock.com und \u00a9unsplash.com<\/p>\n\n\n\n<p class=\"wp-block-paragraph\"><a href=\"https:\/\/durabilitas.ch\/wp-content\/uploads\/2025\/04\/JustTransitionSchweiz_quadrat.png\">#1711505411<\/a>&nbsp;\u00a9 mathisworks \u2013&nbsp;<a href=\"http:\/\/www.istockphoto.com\/\">www.iStockphoto.com<\/a><\/p>\n\n\n\n<p class=\"wp-block-paragraph\"><a href=\"https:\/\/durabilitas.ch\/wp-content\/uploads\/2025\/04\/durabilitas_vision.jpeg\">#2164609170<\/a>&nbsp;\u00a9 EyeEm Mobile GmbH \u2013&nbsp;<a href=\"http:\/\/www.istockphoto.com\/\">www.iStockphoto.com<\/a><\/p>\n\n\n\n<p class=\"wp-block-paragraph\"><a href=\"https:\/\/durabilitas.ch\/wp-content\/uploads\/2025\/04\/durabilitas_arbeitsmethode.jpeg\"># 1138896882<\/a>&nbsp;\u00a9 Felix Seichter \u2013&nbsp;<a href=\"http:\/\/www.istockphoto.com\/\">www.iStockphoto.com<\/a><\/p>\n\n\n\n<p class=\"wp-block-paragraph\"><a href=\"https:\/\/durabilitas.ch\/wp-content\/uploads\/2025\/04\/durabilitas_advocacy-e1745480330780.jpeg\">#2158606094<\/a>&nbsp;\u00a9 Anikaart \u2013&nbsp;<a href=\"http:\/\/www.istockphoto.com\/\">www.iStockphoto.com<\/a><\/p>\n\n\n\n<p class=\"wp-block-paragraph\"><a href=\"https:\/\/durabilitas.ch\/wp-content\/uploads\/2025\/04\/durabilitas_dialog.jpg\">#2190510440<\/a>&nbsp;\u00a9 sanjeri \u2013&nbsp;<a href=\"http:\/\/www.istockphoto.com\/\">www.iStockphoto.com<\/a><\/p>\n\n\n\n<p class=\"wp-block-paragraph\"><a href=\"https:\/\/durabilitas.ch\/wp-content\/uploads\/2025\/04\/durabilitas_analyse.jpeg\">#2154830395<\/a>&nbsp;\u00a9 KanawatTH \u2013&nbsp;<a href=\"http:\/\/www.istockphoto.com\/\">www.iStockphoto.com<\/a><\/p>\n\n\n\n<p class=\"wp-block-paragraph\"><a href=\"https:\/\/durabilitas.ch\/wp-content\/uploads\/2025\/04\/durabilitas_pilotprojekte.jpeg\" target=\"_blank\" rel=\"noreferrer noopener\">#2188177575<\/a>&nbsp;\u00a9 howtogoto \u2013&nbsp;<a href=\"http:\/\/www.istockphoto.com\/\">www.iStockphoto.com<\/a><\/p>\n\n\n\n<p class=\"wp-block-paragraph\"><a href=\"https:\/\/durabilitas.ch\/wp-content\/uploads\/2025\/04\/durabilitas_strategie.jpeg\" target=\"_blank\" rel=\"noreferrer noopener\">#1329881430<\/a>&nbsp;\u00a9 PeopleImages \u2013&nbsp;<a href=\"http:\/\/www.istockphoto.com\/\">www.iStockphoto.com<\/a><\/p>\n\n\n\n<p class=\"wp-block-paragraph\"><a href=\"https:\/\/durabilitas.ch\/wp-content\/uploads\/2025\/04\/durabilitas_partnerschaft.jpeg\" target=\"_blank\" rel=\"noreferrer noopener\">#1664089897<\/a>&nbsp;\u00a9 Jacob Wackerhausen \u2013&nbsp;<a href=\"http:\/\/www.istockphoto.com\/\">www.iStockphoto.com<\/a><\/p>\n\n\n\n<p class=\"wp-block-paragraph\"><a href=\"https:\/\/durabilitas.ch\/wp-content\/uploads\/2025\/04\/durabilitas_staerken.jpg\" target=\"_blank\" rel=\"noreferrer noopener\">#1845562916<\/a>&nbsp;\u00a9 akinbostanci \u2013&nbsp;<a href=\"http:\/\/www.istockphoto.com\/\">www.iStockphoto.com<\/a><\/p>\n\n\n\n<p class=\"wp-block-paragraph\"><a href=\"https:\/\/durabilitas.ch\/wp-content\/uploads\/2025\/04\/durabilitas-wirkung.jpeg\" target=\"_blank\" rel=\"noreferrer noopener\">#466103685<\/a>&nbsp;\u00a9 ThomasVogel \u2013&nbsp;<a href=\"http:\/\/www.istockphoto.com\/\">www.iStockphoto.com<\/a><\/p>\n\n\n\n<p class=\"wp-block-paragraph\"><a href=\"https:\/\/durabilitas.ch\/wp-content\/uploads\/2025\/03\/istockphoto-651910992-1024x1024-1.jpg\" target=\"_blank\" rel=\"noreferrer noopener\">#636227450<\/a>&nbsp;\u00a9 vitaliymateha \u2013&nbsp;<a href=\"http:\/\/www.istockphoto.com\/\">www.iStockphoto.com<\/a><\/p>\n\n\n\n<p class=\"wp-block-paragraph\"><a href=\"https:\/\/durabilitas.ch\/wp-content\/uploads\/2025\/01\/durabilitas_zusammenarbeit.jpg\">#1496473661<\/a>&nbsp;\u00a9 Liudmila Chernetska \u2013&nbsp;<a href=\"http:\/\/www.istockphoto.com\/\">www.iStockphoto.com<\/a><\/p>\n\n\n\n<p class=\"wp-block-paragraph\"><a href=\"https:\/\/durabilitas.ch\/wp-content\/uploads\/2025\/01\/durabilitas_vertrag.jpg\">#1760960289&nbsp;<\/a>\u00a9 ArLawKa AungTun \u2013&nbsp;<a href=\"http:\/\/www.istockphoto.com\/\">www.iStockphoto.com<\/a><\/p>\n\n\n\n<p class=\"wp-block-paragraph\"><a href=\"https:\/\/durabilitas.ch\/wp-content\/uploads\/2025\/01\/durabilitas-wertsetzung.jpeg\" target=\"_blank\" rel=\"noreferrer noopener\">#1179803620<\/a>&nbsp;\u2013 \u00a9 the_guitar_mann \u2013&nbsp;<a href=\"http:\/\/www.istockphoto.com\/\">www.iStockphoto.com<\/a><\/p>\n\n\n\n<p class=\"wp-block-paragraph\"><a href=\"https:\/\/durabilitas.ch\/wp-content\/uploads\/2021\/10\/durabilitas_medien.jpeg\">#2152935950<\/a>&nbsp;\u2013 Newspapers,&nbsp;\u00a9 Malik Evren \u2013&nbsp;<a href=\"http:\/\/www.istockphoto.com\/\">www.iStockphoto.com<\/a><\/p>\n\n\n\n<p class=\"wp-block-paragraph\"><a href=\"https:\/\/durabilitas.ch\/wp-content\/uploads\/2021\/04\/durabilitas_oekosysteme.jpeg\">#1579419400<\/a>&nbsp;\u2013&nbsp;\u00a9 Asier Pinel Guillerna \u2013&nbsp;<a href=\"http:\/\/www.istockphoto.com\/\">www.iStockphoto.com<\/a><\/p>\n\n\n\n<p class=\"wp-block-paragraph\"><a href=\"https:\/\/www.istockphoto.com\/photo\/woman-video-call-and-conference-or-virtual-meeting-on-screen-discussion-at-home-gm2064008759-564133012?clarity=false\">#2064008759<\/a> &#8211;  \u00a9 Bevan Goldswain &#8211; <a href=\"http:\/\/www.istockphoto.com\/\">www.iStockphoto.com<\/a><\/p>\n\n\n\n<p class=\"wp-block-paragraph\"><a href=\"https:\/\/www.istockphoto.com\/photo\/dandelion-seeds-blowing-away-with-the-wind-in-a-natural-blooming-meadow-gm1389190967-446575832?clarity=false\">#1389190967&nbsp;<\/a>&#8211; \u00a9 Sander Meertins &#8211; <a href=\"http:\/\/www.istockphoto.com\/\">www.iStockphoto.com<\/a><\/p>\n\n\n\n<p class=\"wp-block-paragraph\"><a href=\"https:\/\/www.istockphoto.com\/photo\/hand-planting-trees-with-technology-of-renewable-resources-net-zero-2050-carbon-gm1442743984-481971064?clarity=false\">#1442743984&nbsp;<\/a>&#8211; \u00a9 Kalawin \u2013 <a href=\"http:\/\/www.istockphoto.com\/\">www.iStockphoto.com<\/a><\/p>\n\n\n\n<p class=\"wp-block-paragraph\">Ce site web a \u00e9t\u00e9 cr\u00e9\u00e9 par&nbsp;<a href=\"https:\/\/www.hivestudio.ch\/studio\" target=\"_blank\" rel=\"noreferrer noopener\">Hive Studio<\/a>.<\/p>\n","protected":false},"excerpt":{"rendered":"<p>Mentions l\u00e9gales Contact\u00a0sanu durabilitas \u2013 Fondation suisse pour le D\u00e9veloppement durableRue du G\u00e9n\u00e9ral-Dufour 182502 Biel-Bienneinfo@durabilitas.ch &#8230;<\/p>\n","protected":false},"author":1,"featured_media":0,"parent":0,"menu_order":0,"comment_status":"closed","ping_status":"closed","template":"","meta":{"_acf_changed":false,"footnotes":""},"class_list":["post-2622","page","type-page","status-publish","hentry"],"acf":[],"yoast_head":"<!-- This site is optimized with the Yoast SEO plugin v27.1.1 - https:\/\/yoast.com\/product\/yoast-seo-wordpress\/ -->\n<title>Mentions l\u00e9gales - Durabilitas<\/title>\n<meta name=\"description\" content=\"Contact :\u00a0sanu durabilitas \u2013 Fondation suisse pour le D\u00e9veloppement durable, Biel-Bienneinfo@sanudurabilitas.ch, 033 533 22 14\" \/>\n<meta name=\"robots\" content=\"index, follow, max-snippet:-1, max-image-preview:large, max-video-preview:-1\" \/>\n<link rel=\"canonical\" href=\"https:\/\/durabilitas.ch\/fr\/mentions-legales\/\" \/>\n<meta property=\"og:locale\" content=\"fr_FR\" \/>\n<meta property=\"og:type\" content=\"article\" \/>\n<meta property=\"og:title\" content=\"Mentions l\u00e9gales - Durabilitas\" \/>\n<meta property=\"og:description\" content=\"Contact :\u00a0sanu durabilitas \u2013 Fondation suisse pour le D\u00e9veloppement durable, Biel-Bienneinfo@sanudurabilitas.ch, 033 533 22 14\" \/>\n<meta property=\"og:url\" content=\"https:\/\/durabilitas.ch\/fr\/mentions-legales\/\" \/>\n<meta property=\"og:site_name\" content=\"Durabilitas\" \/>\n<meta property=\"article:modified_time\" content=\"2026-03-25T07:12:37+00:00\" \/>\n<meta name=\"twitter:card\" content=\"summary_large_image\" \/>\n<script type=\"application\/ld+json\" class=\"yoast-schema-graph\">{\"@context\":\"https:\/\/schema.org\",\"@graph\":[{\"@type\":\"WebPage\",\"@id\":\"https:\/\/durabilitas.ch\/fr\/mentions-legales\/\",\"url\":\"https:\/\/durabilitas.ch\/fr\/mentions-legales\/\",\"name\":\"Mentions l\u00e9gales - Durabilitas\",\"isPartOf\":{\"@id\":\"https:\/\/durabilitas.ch\/fr\/#website\"},\"datePublished\":\"2025-04-08T08:27:36+00:00\",\"dateModified\":\"2026-03-25T07:12:37+00:00\",\"description\":\"Contact :\u00a0sanu durabilitas \u2013 Fondation suisse pour le D\u00e9veloppement durable, Biel-Bienneinfo@sanudurabilitas.ch, 033 533 22 14\",\"breadcrumb\":{\"@id\":\"https:\/\/durabilitas.ch\/fr\/mentions-legales\/#breadcrumb\"},\"inLanguage\":\"fr-FR\",\"potentialAction\":[{\"@type\":\"ReadAction\",\"target\":[\"https:\/\/durabilitas.ch\/fr\/mentions-legales\/\"]}]},{\"@type\":\"BreadcrumbList\",\"@id\":\"https:\/\/durabilitas.ch\/fr\/mentions-legales\/#breadcrumb\",\"itemListElement\":[{\"@type\":\"ListItem\",\"position\":1,\"name\":\"Home\",\"item\":\"https:\/\/durabilitas.ch\/fr\/\"},{\"@type\":\"ListItem\",\"position\":2,\"name\":\"Mentions l\u00e9gales\"}]},{\"@type\":\"WebSite\",\"@id\":\"https:\/\/durabilitas.ch\/fr\/#website\",\"url\":\"https:\/\/durabilitas.ch\/fr\/\",\"name\":\"Durabilitas\",\"description\":\"\",\"potentialAction\":[{\"@type\":\"SearchAction\",\"target\":{\"@type\":\"EntryPoint\",\"urlTemplate\":\"https:\/\/durabilitas.ch\/fr\/?s={search_term_string}\"},\"query-input\":{\"@type\":\"PropertyValueSpecification\",\"valueRequired\":true,\"valueName\":\"search_term_string\"}}],\"inLanguage\":\"fr-FR\"}]}<\/script>\n<!-- \/ Yoast SEO plugin. -->","yoast_head_json":{"title":"Mentions l\u00e9gales - Durabilitas","description":"Contact :\u00a0sanu durabilitas \u2013 Fondation suisse pour le D\u00e9veloppement durable, Biel-Bienneinfo@sanudurabilitas.ch, 033 533 22 14","robots":{"index":"index","follow":"follow","max-snippet":"max-snippet:-1","max-image-preview":"max-image-preview:large","max-video-preview":"max-video-preview:-1"},"canonical":"https:\/\/durabilitas.ch\/fr\/mentions-legales\/","og_locale":"fr_FR","og_type":"article","og_title":"Mentions l\u00e9gales - Durabilitas","og_description":"Contact :\u00a0sanu durabilitas \u2013 Fondation suisse pour le D\u00e9veloppement durable, Biel-Bienneinfo@sanudurabilitas.ch, 033 533 22 14","og_url":"https:\/\/durabilitas.ch\/fr\/mentions-legales\/","og_site_name":"Durabilitas","article_modified_time":"2026-03-25T07:12:37+00:00","twitter_card":"summary_large_image","schema":{"@context":"https:\/\/schema.org","@graph":[{"@type":"WebPage","@id":"https:\/\/durabilitas.ch\/fr\/mentions-legales\/","url":"https:\/\/durabilitas.ch\/fr\/mentions-legales\/","name":"Mentions l\u00e9gales - Durabilitas","isPartOf":{"@id":"https:\/\/durabilitas.ch\/fr\/#website"},"datePublished":"2025-04-08T08:27:36+00:00","dateModified":"2026-03-25T07:12:37+00:00","description":"Contact :\u00a0sanu durabilitas \u2013 Fondation suisse pour le D\u00e9veloppement durable, Biel-Bienneinfo@sanudurabilitas.ch, 033 533 22 14","breadcrumb":{"@id":"https:\/\/durabilitas.ch\/fr\/mentions-legales\/#breadcrumb"},"inLanguage":"fr-FR","potentialAction":[{"@type":"ReadAction","target":["https:\/\/durabilitas.ch\/fr\/mentions-legales\/"]}]},{"@type":"BreadcrumbList","@id":"https:\/\/durabilitas.ch\/fr\/mentions-legales\/#breadcrumb","itemListElement":[{"@type":"ListItem","position":1,"name":"Home","item":"https:\/\/durabilitas.ch\/fr\/"},{"@type":"ListItem","position":2,"name":"Mentions l\u00e9gales"}]},{"@type":"WebSite","@id":"https:\/\/durabilitas.ch\/fr\/#website","url":"https:\/\/durabilitas.ch\/fr\/","name":"Durabilitas","description":"","potentialAction":[{"@type":"SearchAction","target":{"@type":"EntryPoint","urlTemplate":"https:\/\/durabilitas.ch\/fr\/?s={search_term_string}"},"query-input":{"@type":"PropertyValueSpecification","valueRequired":true,"valueName":"search_term_string"}}],"inLanguage":"fr-FR"}]}},"_links":{"self":[{"href":"https:\/\/durabilitas.ch\/fr\/wp-json\/wp\/v2\/pages\/2622","targetHints":{"allow":["GET"]}}],"collection":[{"href":"https:\/\/durabilitas.ch\/fr\/wp-json\/wp\/v2\/pages"}],"about":[{"href":"https:\/\/durabilitas.ch\/fr\/wp-json\/wp\/v2\/types\/page"}],"author":[{"embeddable":true,"href":"https:\/\/durabilitas.ch\/fr\/wp-json\/wp\/v2\/users\/1"}],"replies":[{"embeddable":true,"href":"https:\/\/durabilitas.ch\/fr\/wp-json\/wp\/v2\/comments?post=2622"}],"version-history":[{"count":5,"href":"https:\/\/durabilitas.ch\/fr\/wp-json\/wp\/v2\/pages\/2622\/revisions"}],"predecessor-version":[{"id":6551,"href":"https:\/\/durabilitas.ch\/fr\/wp-json\/wp\/v2\/pages\/2622\/revisions\/6551"}],"wp:attachment":[{"href":"https:\/\/durabilitas.ch\/fr\/wp-json\/wp\/v2\/media?parent=2622"}],"curies":[{"name":"wp","href":"https:\/\/api.w.org\/{rel}","templated":true}]}}