{"id":2621,"date":"2025-04-08T08:27:48","date_gmt":"2025-04-08T08:27:48","guid":{"rendered":"https:\/\/durabilitas.ch\/datenschutz\/"},"modified":"2025-05-01T09:03:35","modified_gmt":"2025-05-01T09:03:35","slug":"politique-de-confidentialite","status":"publish","type":"page","link":"https:\/\/durabilitas.ch\/fr\/politique-de-confidentialite\/","title":{"rendered":"Politique de confidentialit\u00e9"},"content":{"rendered":"\n<h2 class=\"wp-block-heading\">Politique de confidentialit\u00e9<br><br><br><\/h2>\n\n\n\n<h3 class=\"wp-block-heading\">Qui sommes-nous ?<\/h3>\n\n\n\n<p class=\"wp-block-paragraph\">Durabilitas<br>General-Dufour-Strasse 18<br>2502 Biel-Bienne<\/p>\n\n\n\n<h3 class=\"wp-block-heading\">Contenu d&rsquo;autres sites<\/h3>\n\n\n\n<p class=\"wp-block-paragraph\">Ce site web peut contenir des contenus provenant d&rsquo;autres sites (par exemple, des vid\u00e9os, des images, des articles, etc.). Les dispositions suivantes s&rsquo;appliquent \u00e0 ces contenus : en tant qu&rsquo;utilisateur, vous \u00eates consid\u00e9r\u00e9 comme visitant l&rsquo;autre site web.<\/p>\n\n\n\n<p class=\"wp-block-paragraph\">Ces sites web peuvent collecter des donn\u00e9es vous concernant, utiliser des cookies, int\u00e9grer des outils de suivi tiers et suivre vos interactions si vous avez un compte chez eux et que vous y \u00eates connect\u00e9.&nbsp;<\/p>\n\n\n\n<h3 class=\"wp-block-heading\">Protection des donn\u00e9es pour le formulaire d&rsquo;inscription \u00e0 la newsletter<\/h3>\n\n\n\n<p class=\"wp-block-paragraph\">Nous utilisons Brevo comme prestataire de services pour l&rsquo;envoi de notre newsletter. En vous inscrivant, vous acceptez que les donn\u00e9es que vous avez saisies soient transmises \u00e0 Brevo. Veuillez prendre connaissance de la&nbsp;<a href=\"https:\/\/www.brevo.com\/de\/legal\/privacypolicy\/\" target=\"_blank\" rel=\"noreferrer noopener\">politique de confidentialit\u00e9<\/a>&nbsp;et des&nbsp;<a href=\"https:\/\/www.brevo.com\/de\/legal\/termsofuse\/\" target=\"_blank\" rel=\"noreferrer noopener\">conditions g\u00e9n\u00e9rales<\/a>&nbsp;de Brevo.<\/p>\n\n\n\n<h3 class=\"wp-block-heading\">Serveur, hosting et analyse<\/h3>\n\n\n\n<p class=\"wp-block-paragraph\">Notre serveur et notre h\u00e9bergement sont situ\u00e9s en Suisse. Nous utilisons un outil d&rsquo;analyse simple, int\u00e9gr\u00e9 \u00e0 ce serveur, qui fonctionne uniquement avec des donn\u00e9es anonymis\u00e9es. Lorsque vous acc\u00e9dez \u00e0 notre site web, les donn\u00e9es suivantes sont enregistr\u00e9es dans des fichiers journaux : adresse IP, date, heure, requ\u00eate du navigateur et informations g\u00e9n\u00e9rales transmises sur le syst\u00e8me d&rsquo;exploitation ou le navigateur. Ces donn\u00e9es d&rsquo;utilisation constituent la base d&rsquo;\u00e9valuations statistiques anonymes permettant d&rsquo;identifier des tendances.<\/p>\n\n\n\n<p class=\"wp-block-paragraph\">Vous trouverez ici de plus amples informations sur la politique de confidentialit\u00e9 du fournisseur :&nbsp;<a href=\"https:\/\/www.infomaniak.com\/de\/agb\/datenschutzrichtlinien\" target=\"_blank\" rel=\"noreferrer noopener\">www.infomaniak.com<\/a><\/p>\n\n\n\n<h3 class=\"wp-block-heading\">Formulaire de contact<\/h3>\n\n\n\n<p class=\"wp-block-paragraph\">Lorsque vous envoyez le formulaire de contact, nous enregistrons les donn\u00e9es suivantes sur notre serveur :<\/p>\n\n\n\n<ul class=\"wp-block-list\">\n<li>Nom, pr\u00e9nom<\/li>\n\n\n\n<li>Informations sur le sexe<\/li>\n\n\n\n<li>Informations sur la langue pr\u00e9f\u00e9r\u00e9e<\/li>\n\n\n\n<li>Adresse e-mail<\/li>\n<\/ul>\n\n\n\n<p class=\"wp-block-paragraph\">Ces donn\u00e9es sont utilis\u00e9es exclusivement \u00e0 des fins administratives et ne sont en aucun cas transmises \u00e0 des entreprises tierces.<\/p>\n\n\n\n<h3 class=\"wp-block-heading\">Droit \u00e0 vos propres donn\u00e9es<\/h3>\n\n\n\n<p class=\"wp-block-paragraph\">Si vous nous avez contact\u00e9s via le formulaire de contact du site web, vous pouvez demander \u00e0 recevoir un fichier contenant toutes les donn\u00e9es personnelles que nous d\u00e9tenons \u00e0 votre sujet. Vous pouvez \u00e9galement demander la suppression des donn\u00e9es personnelles vous concernant. Dans ce cas, veuillez vous adresser \u00e0 l&rsquo;adresse e-mail suivante : <a href=\"mailto:info@sanudurabilitas.ch\">info@durabilitas.ch<\/a><\/p>\n","protected":false},"excerpt":{"rendered":"<p>Politique de confidentialit\u00e9 Qui sommes-nous ? DurabilitasGeneral-Dufour-Strasse 182502 Biel-Bienne Contenu d&rsquo;autres sites Ce site web &#8230;<\/p>\n","protected":false},"author":1,"featured_media":0,"parent":0,"menu_order":0,"comment_status":"closed","ping_status":"closed","template":"","meta":{"_acf_changed":false,"footnotes":""},"class_list":["post-2621","page","type-page","status-publish","hentry"],"acf":[],"yoast_head":"<!-- This site is optimized with the Yoast SEO plugin v27.1.1 - https:\/\/yoast.com\/product\/yoast-seo-wordpress\/ -->\n<title>Politique de confidentialit\u00e9 - Durabilitas<\/title>\n<meta name=\"robots\" content=\"index, follow, max-snippet:-1, max-image-preview:large, max-video-preview:-1\" \/>\n<link rel=\"canonical\" href=\"https:\/\/durabilitas.ch\/fr\/politique-de-confidentialite\/\" \/>\n<meta property=\"og:locale\" content=\"fr_FR\" \/>\n<meta property=\"og:type\" content=\"article\" \/>\n<meta property=\"og:title\" content=\"Politique de confidentialit\u00e9 - Durabilitas\" \/>\n<meta property=\"og:description\" content=\"Politique de confidentialit\u00e9 Qui sommes-nous ? DurabilitasGeneral-Dufour-Strasse 182502 Biel-Bienne Contenu d&rsquo;autres sites Ce site web ...\" \/>\n<meta property=\"og:url\" content=\"https:\/\/durabilitas.ch\/fr\/politique-de-confidentialite\/\" \/>\n<meta property=\"og:site_name\" content=\"Durabilitas\" \/>\n<meta property=\"article:modified_time\" content=\"2025-05-01T09:03:35+00:00\" \/>\n<meta name=\"twitter:card\" content=\"summary_large_image\" \/>\n<script type=\"application\/ld+json\" class=\"yoast-schema-graph\">{\"@context\":\"https:\/\/schema.org\",\"@graph\":[{\"@type\":\"WebPage\",\"@id\":\"https:\/\/durabilitas.ch\/fr\/politique-de-confidentialite\/\",\"url\":\"https:\/\/durabilitas.ch\/fr\/politique-de-confidentialite\/\",\"name\":\"Politique de confidentialit\u00e9 - Durabilitas\",\"isPartOf\":{\"@id\":\"https:\/\/durabilitas.ch\/fr\/#website\"},\"datePublished\":\"2025-04-08T08:27:48+00:00\",\"dateModified\":\"2025-05-01T09:03:35+00:00\",\"breadcrumb\":{\"@id\":\"https:\/\/durabilitas.ch\/fr\/politique-de-confidentialite\/#breadcrumb\"},\"inLanguage\":\"fr-FR\",\"potentialAction\":[{\"@type\":\"ReadAction\",\"target\":[\"https:\/\/durabilitas.ch\/fr\/politique-de-confidentialite\/\"]}]},{\"@type\":\"BreadcrumbList\",\"@id\":\"https:\/\/durabilitas.ch\/fr\/politique-de-confidentialite\/#breadcrumb\",\"itemListElement\":[{\"@type\":\"ListItem\",\"position\":1,\"name\":\"Home\",\"item\":\"https:\/\/durabilitas.ch\/fr\/\"},{\"@type\":\"ListItem\",\"position\":2,\"name\":\"Politique de confidentialit\u00e9\"}]},{\"@type\":\"WebSite\",\"@id\":\"https:\/\/durabilitas.ch\/fr\/#website\",\"url\":\"https:\/\/durabilitas.ch\/fr\/\",\"name\":\"Durabilitas\",\"description\":\"\",\"potentialAction\":[{\"@type\":\"SearchAction\",\"target\":{\"@type\":\"EntryPoint\",\"urlTemplate\":\"https:\/\/durabilitas.ch\/fr\/?s={search_term_string}\"},\"query-input\":{\"@type\":\"PropertyValueSpecification\",\"valueRequired\":true,\"valueName\":\"search_term_string\"}}],\"inLanguage\":\"fr-FR\"}]}<\/script>\n<!-- \/ Yoast SEO plugin. -->","yoast_head_json":{"title":"Politique de confidentialit\u00e9 - Durabilitas","robots":{"index":"index","follow":"follow","max-snippet":"max-snippet:-1","max-image-preview":"max-image-preview:large","max-video-preview":"max-video-preview:-1"},"canonical":"https:\/\/durabilitas.ch\/fr\/politique-de-confidentialite\/","og_locale":"fr_FR","og_type":"article","og_title":"Politique de confidentialit\u00e9 - Durabilitas","og_description":"Politique de confidentialit\u00e9 Qui sommes-nous ? DurabilitasGeneral-Dufour-Strasse 182502 Biel-Bienne Contenu d&rsquo;autres sites Ce site web ...","og_url":"https:\/\/durabilitas.ch\/fr\/politique-de-confidentialite\/","og_site_name":"Durabilitas","article_modified_time":"2025-05-01T09:03:35+00:00","twitter_card":"summary_large_image","schema":{"@context":"https:\/\/schema.org","@graph":[{"@type":"WebPage","@id":"https:\/\/durabilitas.ch\/fr\/politique-de-confidentialite\/","url":"https:\/\/durabilitas.ch\/fr\/politique-de-confidentialite\/","name":"Politique de confidentialit\u00e9 - Durabilitas","isPartOf":{"@id":"https:\/\/durabilitas.ch\/fr\/#website"},"datePublished":"2025-04-08T08:27:48+00:00","dateModified":"2025-05-01T09:03:35+00:00","breadcrumb":{"@id":"https:\/\/durabilitas.ch\/fr\/politique-de-confidentialite\/#breadcrumb"},"inLanguage":"fr-FR","potentialAction":[{"@type":"ReadAction","target":["https:\/\/durabilitas.ch\/fr\/politique-de-confidentialite\/"]}]},{"@type":"BreadcrumbList","@id":"https:\/\/durabilitas.ch\/fr\/politique-de-confidentialite\/#breadcrumb","itemListElement":[{"@type":"ListItem","position":1,"name":"Home","item":"https:\/\/durabilitas.ch\/fr\/"},{"@type":"ListItem","position":2,"name":"Politique de confidentialit\u00e9"}]},{"@type":"WebSite","@id":"https:\/\/durabilitas.ch\/fr\/#website","url":"https:\/\/durabilitas.ch\/fr\/","name":"Durabilitas","description":"","potentialAction":[{"@type":"SearchAction","target":{"@type":"EntryPoint","urlTemplate":"https:\/\/durabilitas.ch\/fr\/?s={search_term_string}"},"query-input":{"@type":"PropertyValueSpecification","valueRequired":true,"valueName":"search_term_string"}}],"inLanguage":"fr-FR"}]}},"_links":{"self":[{"href":"https:\/\/durabilitas.ch\/fr\/wp-json\/wp\/v2\/pages\/2621","targetHints":{"allow":["GET"]}}],"collection":[{"href":"https:\/\/durabilitas.ch\/fr\/wp-json\/wp\/v2\/pages"}],"about":[{"href":"https:\/\/durabilitas.ch\/fr\/wp-json\/wp\/v2\/types\/page"}],"author":[{"embeddable":true,"href":"https:\/\/durabilitas.ch\/fr\/wp-json\/wp\/v2\/users\/1"}],"replies":[{"embeddable":true,"href":"https:\/\/durabilitas.ch\/fr\/wp-json\/wp\/v2\/comments?post=2621"}],"version-history":[{"count":1,"href":"https:\/\/durabilitas.ch\/fr\/wp-json\/wp\/v2\/pages\/2621\/revisions"}],"predecessor-version":[{"id":4049,"href":"https:\/\/durabilitas.ch\/fr\/wp-json\/wp\/v2\/pages\/2621\/revisions\/4049"}],"wp:attachment":[{"href":"https:\/\/durabilitas.ch\/fr\/wp-json\/wp\/v2\/media?parent=2621"}],"curies":[{"name":"wp","href":"https:\/\/api.w.org\/{rel}","templated":true}]}}