{"id":2593,"date":"2025-01-16T13:33:27","date_gmt":"2025-01-16T13:33:27","guid":{"rendered":"https:\/\/durabilitas.ch\/durabilitas-wie-wir-arbeiten-2\/"},"modified":"2025-04-14T13:22:35","modified_gmt":"2025-04-14T13:22:35","slug":"a-propos-de-nous","status":"publish","type":"page","link":"https:\/\/durabilitas.ch\/fr\/a-propos-de-nous\/","title":{"rendered":"\u00c0 propos de nous"},"content":{"rendered":"\n<h2 class=\"wp-block-heading is-style--kicker\">Wie wir arbeiten<\/h2>\n\n\n\n<p class=\"wp-block-paragraph\"><strong>Wir sind ein gemeinn\u00fctziger Think and Do Tank f\u00fcr eine nachhaltige Schweiz und sind \u00fcberzeugt: Um den Wandel voranzubringen, muss an verschiedenen Stellen gleichzeitig angesetzt werden. Deswegen liegt unserer Arbeit eine Methode zugrunde, die aus komplement\u00e4ren T\u00e4tigkeiten besteht. Im Zentrum dabei steht, die erarbeiteten L\u00f6sungen in die Anwendung zu bringen. Dank dieses ganzheitlichen Ansatzes gehen wir seit Jahren mit Pioniergeist voran.<\/strong><\/p>\n\n\n\n<p class=\"wp-block-paragraph\">Wir identifizieren und analysieren Hindernisse f\u00fcr eine sozio-\u00f6kologische Transformation. Auf Grundlage aktueller Forschung erarbeiten wir L\u00f6sungen, die wir im Anschluss testen. Die Erfahrungen, die wir dabei machen, teilen wir schliesslich mit allen interessierten Anwender:innen und stellen sie der Allgemeinheit zur Verf\u00fcgung. Teil unseres Ansatzes ist es, unterschiedliche Akteure aus der Deutsch- und Westschweiz zu vernetzen sowie politische Unterst\u00fctzung zu generieren.<\/p>\n\n\n\n<h2 class=\"wp-block-heading\">Unsere St\u00e4rken<\/h2>\n\n\n\n<p class=\"wp-block-paragraph\">Wir haben seit \u00fcber zehn Jahren Erfahrung in diesem Vorgehen und Expertise \u2013 mit Fokus auf Kreislaufwirtschaft, gesunde B\u00f6den und Just Transition (gerechter Strukturwandel).<\/p>\n\n\n\n<h2 class=\"wp-block-heading\">Analyse<\/h2>\n\n\n\n<p class=\"wp-block-paragraph\">Wir pr\u00fcfen wissenschaftliche Konzepte sowie Fallbeispiele und entwickeln sie f\u00fcr Schweizer Stakeholder weiter zu Strategien und Instrumenten.<\/p>\n\n\n\n<h2 class=\"wp-block-heading\">Pilotprojekte<\/h2>\n\n\n\n<p class=\"wp-block-paragraph\">Zusammen mit unseren Partnern entwickeln wir Pilotprojekte, um unsere Strategien und Instrumente zu testen.<\/p>\n\n\n\n<h2 class=\"wp-block-heading\">Wissenstransfer<\/h2>\n\n\n\n<p class=\"wp-block-paragraph\">Wissen muss dort ankommen, wo es den gr\u00f6ssten Nutzen bringt \u2013 deswegen teilen wir es gezielt mit denjenigen, die davon profitieren.<\/p>\n\n\n\n<h2 class=\"wp-block-heading\">Dialog<\/h2>\n\n\n\n<p class=\"wp-block-paragraph\">Wir schaffen Raum f\u00fcr konstruktiven Austausch und neue Kooperationen. Dazu bringen wir Akteure zusammen, die sich sonst kaum austauschen.<\/p>\n\n\n\n<h2 class=\"wp-block-heading\">Advocacy<\/h2>\n\n\n\n<p class=\"wp-block-paragraph\">Auf Grundlage unserer Erfahrungen entwickeln wir Empfehlungen f\u00fcr Politik, Beh\u00f6ren sowie Verb\u00e4nde und generieren politische Unterst\u00fctzung.<\/p>\n\n\n\n<h2 class=\"wp-block-heading\">Pioniere der Umsetzung<\/h2>\n\n\n\n<p class=\"wp-block-paragraph\">Dank dieses Vorgehens sind wir in der Schweiz Pioniere darin, Nachhaltigkeit von der Theorie in die Praxis zu bringen: Seit \u00fcber zehn Jahren erzielen wir in der Schweiz konkrete Fortschritte auf dem Weg zu Kreislaufwirtschaft und gesunden B\u00f6den. Seit 2024 befassen wir uns auch mit dem Thema \u00abJust Transition\u00bb und bringen Fragen der sozialen Gerechtigkeit in die Umweltdebatte ein.<\/p>\n\n\n\n<p class=\"wp-block-paragraph\">Mit unserer Arbeit tragen wir zur \u00absozio-\u00f6kologischen Transformation\u00bb der Schweiz bei. Darunter verstehen wir den tiefgreifenden Wandel hin zu einer Gesellschaft, die nicht mehr Ressourcen braucht, als ihr zur Verf\u00fcgung stehen und sozial gerecht ist.<\/p>\n\n\n\r\n<div class=\"teaser-abschnitt has-spacing--default has-color-blue-light\">\r\n    <div class=\"acf-innerblocks-container\">\n\n<h2 class=\"wp-block-heading is-style--kicker\">Vision &amp; Werte<\/h2>\n\n\n\n<p class=\"teaser-abschnitt__text\">Erfahren Sie mehr \u00fcber unsere Vision und \u00fcber unsere Werte<\/p>\n\n<\/div>\r\n    \r\n<\/div>\n\n\r\n    <div id=\"teaser-block_bf4d9453f133bb759b2e99e88ffcf060\" class=\"single-teaser has-spacing--default fade-up\">\r\n\r\n\r\n        \r\n            <figure class=\"single-teaser__image\">\r\n                            <\/figure>\r\n\r\n            \r\n        <div class=\"single-teaser__content\">\r\n\r\n                            <h2 class=\"single-teaser__headline\">\r\n                    \r\n                        Vision &amp; Werte\r\n                                    <\/h2>\r\n            \r\n                            <div class=\"single-teaser__text\">\r\n                    <p>Erfahren Sie mehr \u00fcber unsere Vision und \u00fcber unsere Werte<\/p>\n                <\/div>\r\n            \r\n            \r\n\r\n\r\n        <\/div> <!-- .teaser__content -->\r\n        \r\n\r\n\r\n    <\/div>\r\n\r\n\n\n\n<h2 class=\"wp-block-heading\">Mit und f\u00fcr wen wir arbeiten<\/h2>\n\n\n\n<p class=\"wp-block-paragraph\">Wir arbeiten mit Partnern aus ganz unterschiedlichen Bereichen: \u00f6ffentliche Verwaltungen, Wissenschaft, Zivilgesellschaft, Politik und Wirtschaft. Dabei vernetzen wir die Deutsch- mit der Westschweiz, vereinen Anspruchsgruppen, damit sie zusammen voran machen k\u00f6nnen, schaffen Raum f\u00fcr konstruktive Kooperation sorgen f\u00fcr Trans- und Interdisziplinarit\u00e4t in der Wissenschaft und Anwendung. Zudem suchen wir den Austausch mit anderen Organisationen, denn wir wissen \u2013 zusammen sind wir st\u00e4rker.<\/p>\n\n\n\r\n<div class=\"teaser-abschnitt has-spacing--default has-color-blue-light\">\r\n    <div class=\"acf-innerblocks-container\">\n\n<h2 class=\"wp-block-heading is-style--kicker\">Themen<\/h2>\n\n\n\n<p class=\"teaser-abschnitt__text\">Entdecken Sie unsere drei Fokus-Themen Kreislaufwirtschaft, gesunde B\u00f6den und Just Transition<\/p>\n\n<\/div>\r\n    \r\n<\/div>\n\n\r\n<div class=\"teaser-abschnitt has-spacing--default has-color-blue-light\">\r\n    <div class=\"acf-innerblocks-container\">\n\n<h2 class=\"wp-block-heading is-style--kicker\"><strong>Sie wollen mit uns zusammenarbeiten oder uns unterst\u00fctzen?<\/strong><\/h2>\n\n\n\n<p class=\"teaser-abschnitt__text\">Dann freuen wir uns, von Ihnen zu h\u00f6ren oder lesen! Eine Spende k\u00f6nnen Sie uns auch ganz einfach online zukommen lassen.<\/p>\n\n<\/div>\r\n    \r\n<\/div>","protected":false},"excerpt":{"rendered":"<p>Wie wir arbeiten Wir sind ein gemeinn\u00fctziger Think and Do Tank f\u00fcr eine nachhaltige Schweiz &#8230;<\/p>\n","protected":false},"author":1,"featured_media":0,"parent":0,"menu_order":0,"comment_status":"closed","ping_status":"closed","template":"","meta":{"_acf_changed":false,"footnotes":""},"class_list":["post-2593","page","type-page","status-publish","hentry"],"acf":[],"yoast_head":"<!-- This site is optimized with the Yoast SEO plugin v27.5 - https:\/\/yoast.com\/product\/yoast-seo-wordpress\/ -->\n<title>\u00c0 propos de nous - Durabilitas<\/title>\n<meta name=\"description\" content=\"Erfahren Sie mehr dar\u00fcber, wie unser gemeinn\u00fctziger Think and Do Tank f\u00fcr Nachhaltigkeit arbeitet. Unsere St\u00e4rken: Analyse, Wissenstransfer, Pilotprojekte, Dialog, Advocacy.\" \/>\n<meta name=\"robots\" content=\"index, follow, max-snippet:-1, max-image-preview:large, max-video-preview:-1\" \/>\n<link rel=\"canonical\" href=\"https:\/\/durabilitas.ch\/fr\/a-propos-de-nous\/\" \/>\n<meta property=\"og:locale\" content=\"fr_FR\" \/>\n<meta property=\"og:type\" content=\"article\" \/>\n<meta property=\"og:title\" content=\"\u00c0 propos de nous - Durabilitas\" \/>\n<meta property=\"og:description\" content=\"Erfahren Sie mehr dar\u00fcber, wie unser gemeinn\u00fctziger Think and Do Tank f\u00fcr Nachhaltigkeit arbeitet. Unsere St\u00e4rken: Analyse, Wissenstransfer, Pilotprojekte, Dialog, Advocacy.\" \/>\n<meta property=\"og:url\" content=\"https:\/\/durabilitas.ch\/fr\/a-propos-de-nous\/\" \/>\n<meta property=\"og:site_name\" content=\"Durabilitas\" \/>\n<meta property=\"article:modified_time\" content=\"2025-04-14T13:22:35+00:00\" \/>\n<meta name=\"twitter:card\" content=\"summary_large_image\" \/>\n<script type=\"application\/ld+json\" class=\"yoast-schema-graph\">{\"@context\":\"https:\\\/\\\/schema.org\",\"@graph\":[{\"@type\":\"WebPage\",\"@id\":\"https:\\\/\\\/durabilitas.ch\\\/fr\\\/a-propos-de-nous\\\/\",\"url\":\"https:\\\/\\\/durabilitas.ch\\\/fr\\\/a-propos-de-nous\\\/\",\"name\":\"\u00c0 propos de nous - Durabilitas\",\"isPartOf\":{\"@id\":\"https:\\\/\\\/durabilitas.ch\\\/fr\\\/#website\"},\"datePublished\":\"2025-01-16T13:33:27+00:00\",\"dateModified\":\"2025-04-14T13:22:35+00:00\",\"description\":\"Erfahren Sie mehr dar\u00fcber, wie unser gemeinn\u00fctziger Think and Do Tank f\u00fcr Nachhaltigkeit arbeitet. Unsere St\u00e4rken: Analyse, Wissenstransfer, Pilotprojekte, Dialog, Advocacy.\",\"breadcrumb\":{\"@id\":\"https:\\\/\\\/durabilitas.ch\\\/fr\\\/a-propos-de-nous\\\/#breadcrumb\"},\"inLanguage\":\"fr-FR\",\"potentialAction\":[{\"@type\":\"ReadAction\",\"target\":[\"https:\\\/\\\/durabilitas.ch\\\/fr\\\/a-propos-de-nous\\\/\"]}]},{\"@type\":\"BreadcrumbList\",\"@id\":\"https:\\\/\\\/durabilitas.ch\\\/fr\\\/a-propos-de-nous\\\/#breadcrumb\",\"itemListElement\":[{\"@type\":\"ListItem\",\"position\":1,\"name\":\"Home\",\"item\":\"https:\\\/\\\/durabilitas.ch\\\/fr\\\/\"},{\"@type\":\"ListItem\",\"position\":2,\"name\":\"\u00c0 propos de nous\"}]},{\"@type\":\"WebSite\",\"@id\":\"https:\\\/\\\/durabilitas.ch\\\/fr\\\/#website\",\"url\":\"https:\\\/\\\/durabilitas.ch\\\/fr\\\/\",\"name\":\"Durabilitas\",\"description\":\"\",\"potentialAction\":[{\"@type\":\"SearchAction\",\"target\":{\"@type\":\"EntryPoint\",\"urlTemplate\":\"https:\\\/\\\/durabilitas.ch\\\/fr\\\/?s={search_term_string}\"},\"query-input\":{\"@type\":\"PropertyValueSpecification\",\"valueRequired\":true,\"valueName\":\"search_term_string\"}}],\"inLanguage\":\"fr-FR\"}]}<\/script>\n<!-- \/ Yoast SEO plugin. -->","yoast_head_json":{"title":"\u00c0 propos de nous - Durabilitas","description":"Erfahren Sie mehr dar\u00fcber, wie unser gemeinn\u00fctziger Think and Do Tank f\u00fcr Nachhaltigkeit arbeitet. Unsere St\u00e4rken: Analyse, Wissenstransfer, Pilotprojekte, Dialog, Advocacy.","robots":{"index":"index","follow":"follow","max-snippet":"max-snippet:-1","max-image-preview":"max-image-preview:large","max-video-preview":"max-video-preview:-1"},"canonical":"https:\/\/durabilitas.ch\/fr\/a-propos-de-nous\/","og_locale":"fr_FR","og_type":"article","og_title":"\u00c0 propos de nous - Durabilitas","og_description":"Erfahren Sie mehr dar\u00fcber, wie unser gemeinn\u00fctziger Think and Do Tank f\u00fcr Nachhaltigkeit arbeitet. Unsere St\u00e4rken: Analyse, Wissenstransfer, Pilotprojekte, Dialog, Advocacy.","og_url":"https:\/\/durabilitas.ch\/fr\/a-propos-de-nous\/","og_site_name":"Durabilitas","article_modified_time":"2025-04-14T13:22:35+00:00","twitter_card":"summary_large_image","schema":{"@context":"https:\/\/schema.org","@graph":[{"@type":"WebPage","@id":"https:\/\/durabilitas.ch\/fr\/a-propos-de-nous\/","url":"https:\/\/durabilitas.ch\/fr\/a-propos-de-nous\/","name":"\u00c0 propos de nous - Durabilitas","isPartOf":{"@id":"https:\/\/durabilitas.ch\/fr\/#website"},"datePublished":"2025-01-16T13:33:27+00:00","dateModified":"2025-04-14T13:22:35+00:00","description":"Erfahren Sie mehr dar\u00fcber, wie unser gemeinn\u00fctziger Think and Do Tank f\u00fcr Nachhaltigkeit arbeitet. Unsere St\u00e4rken: Analyse, Wissenstransfer, Pilotprojekte, Dialog, Advocacy.","breadcrumb":{"@id":"https:\/\/durabilitas.ch\/fr\/a-propos-de-nous\/#breadcrumb"},"inLanguage":"fr-FR","potentialAction":[{"@type":"ReadAction","target":["https:\/\/durabilitas.ch\/fr\/a-propos-de-nous\/"]}]},{"@type":"BreadcrumbList","@id":"https:\/\/durabilitas.ch\/fr\/a-propos-de-nous\/#breadcrumb","itemListElement":[{"@type":"ListItem","position":1,"name":"Home","item":"https:\/\/durabilitas.ch\/fr\/"},{"@type":"ListItem","position":2,"name":"\u00c0 propos de nous"}]},{"@type":"WebSite","@id":"https:\/\/durabilitas.ch\/fr\/#website","url":"https:\/\/durabilitas.ch\/fr\/","name":"Durabilitas","description":"","potentialAction":[{"@type":"SearchAction","target":{"@type":"EntryPoint","urlTemplate":"https:\/\/durabilitas.ch\/fr\/?s={search_term_string}"},"query-input":{"@type":"PropertyValueSpecification","valueRequired":true,"valueName":"search_term_string"}}],"inLanguage":"fr-FR"}]}},"_links":{"self":[{"href":"https:\/\/durabilitas.ch\/fr\/wp-json\/wp\/v2\/pages\/2593","targetHints":{"allow":["GET"]}}],"collection":[{"href":"https:\/\/durabilitas.ch\/fr\/wp-json\/wp\/v2\/pages"}],"about":[{"href":"https:\/\/durabilitas.ch\/fr\/wp-json\/wp\/v2\/types\/page"}],"author":[{"embeddable":true,"href":"https:\/\/durabilitas.ch\/fr\/wp-json\/wp\/v2\/users\/1"}],"replies":[{"embeddable":true,"href":"https:\/\/durabilitas.ch\/fr\/wp-json\/wp\/v2\/comments?post=2593"}],"version-history":[{"count":0,"href":"https:\/\/durabilitas.ch\/fr\/wp-json\/wp\/v2\/pages\/2593\/revisions"}],"wp:attachment":[{"href":"https:\/\/durabilitas.ch\/fr\/wp-json\/wp\/v2\/media?parent=2593"}],"curies":[{"name":"wp","href":"https:\/\/api.w.org\/{rel}","templated":true}]}}