{"id":2591,"date":"2025-01-16T13:32:22","date_gmt":"2025-01-16T13:32:22","guid":{"rendered":"https:\/\/durabilitas.ch\/arbeitsweise\/"},"modified":"2025-06-25T08:40:14","modified_gmt":"2025-06-25T08:40:14","slug":"methode-de-travail","status":"publish","type":"page","link":"https:\/\/durabilitas.ch\/fr\/methode-de-travail\/","title":{"rendered":"M\u00e9thode de travail"},"content":{"rendered":"\r\n<header id=\"header-block_ac41ba5ae9d5564eeb107d4768c039d7\" class=\"page-header has-no-image has-spacing--default\">\r\n\r\n    \r\n    <div class=\"page-header__content has-title-image--large\">\r\n\r\n        <div class=\"page-header__inner\">\r\n\r\n            <div class=\"page-header__title\">\n\n<h1 class=\"wp-block-heading is-style--kicker\"><a href=\"https:\/\/durabilitas.ch\/fr\/actualites\/\"><\/a>\u00c0 propos de nous<\/h1>\n\n\n\n<h2 class=\"wp-block-heading\">Notre m\u00e9thode de travail<\/h2>\n\n\n\n<p class=\"page-header__text\">Notre Think &amp; Do Tank \u00e0 but non lucratif \u0153uvre\u00a0pour\u00a0une\u00a0Suisse durable. Nous sommes convaincu.es que la mise en \u0153uvre du changement n\u00e9cessite des actions simultan\u00e9es \u00e0 plusieurs niveaux. Notre m\u00e9thode de travail adopte donc une perspective syst\u00e9mique et se concentre sur la mise en \u0153uvre pratique de solutions appliqu\u00e9es. Gr\u00e2ce \u00e0 cette approche globale, nous montrons la voie depuis plusieurs ann\u00e9es.<\/p>\n\n<\/div>\r\n        <\/div>\r\n\r\n        \r\n                        <figure class=\"page-header__image\">\r\n                    <img loading=\"lazy\" decoding=\"async\" width=\"1360\" height=\"907\" src=\"https:\/\/durabilitas.ch\/wp-content\/uploads\/2025\/04\/durabilitas_arbeitsmethode-1360x907.jpeg\" class=\"attachment-article-image--large size-article-image--large\" alt=\"\" srcset=\"https:\/\/durabilitas.ch\/wp-content\/uploads\/2025\/04\/durabilitas_arbeitsmethode-1360x907.jpeg 1360w, https:\/\/durabilitas.ch\/wp-content\/uploads\/2025\/04\/durabilitas_arbeitsmethode-300x200.jpeg 300w, https:\/\/durabilitas.ch\/wp-content\/uploads\/2025\/04\/durabilitas_arbeitsmethode-1024x683.jpeg 1024w, https:\/\/durabilitas.ch\/wp-content\/uploads\/2025\/04\/durabilitas_arbeitsmethode-768x512.jpeg 768w, https:\/\/durabilitas.ch\/wp-content\/uploads\/2025\/04\/durabilitas_arbeitsmethode-1536x1024.jpeg 1536w, https:\/\/durabilitas.ch\/wp-content\/uploads\/2025\/04\/durabilitas_arbeitsmethode-1070x713.jpeg 1070w, https:\/\/durabilitas.ch\/wp-content\/uploads\/2025\/04\/durabilitas_arbeitsmethode-470x313.jpeg 470w, https:\/\/durabilitas.ch\/wp-content\/uploads\/2025\/04\/durabilitas_arbeitsmethode.jpeg 2010w\" sizes=\"auto, (max-width: 1360px) 100vw, 1360px\" \/>                <\/figure>\r\n        \r\n    <\/div><!-- .page-header__content -->\r\n\r\n\r\n    \r\n<\/header>\r\n\r\n\n\n\n<p class=\"wp-block-paragraph\">Nous identifions et analysons les obstacles \u00e0 une transformation socio-\u00e9cologique. En nous appuyant sur les recherches scientifiques r\u00e9centes, nous d\u00e9finissons des solutions, puis les testons en pratique. Enfin, nous partageons les exp\u00e9riences acquises avec toutes les parties prenantes int\u00e9ress\u00e9es et les rendons accessibles au grand public. Notre approche consiste notamment \u00e0 cr\u00e9er des liens entre les actrices et acteurs de Suisse al\u00e9manique et de Suisse romande et \u00e0 apporter un soutien politique.<\/p>\n\n\n\r\n    <section id=\"icon-teaser-block_2722932b9487d4e7c6c444f3b4e3e507\" class=\"icon-teaser-block has-spacing--default\">\r\n\r\n                    <h2 class=\"wp-block-heading is-style--kicker\">Nos points forts<\/h2>\r\n        \r\n        \r\n            <div class=\"icon-teaser__intro\">\r\n                <p>\r\n                    Pour acc\u00e9l\u00e9rer les transformations, des actions \u00e0 plusieurs niveaux sont n\u00e9cessaires. Notre m\u00e9thode de travail adopte donc une perspective syst\u00e9mique et se concentre sur la mise en \u0153uvre pratique de solutions appliqu\u00e9es.                <\/p>\r\n            <\/div>\r\n\r\n        \r\n        <div class=\"icon-teaser__inner\">\r\n\r\n            \r\n                <div class=\"icon-teaser fade-up\">\r\n\r\n                    \r\n                        <figure class=\"icon-teaser__image\">\r\n                            <img loading=\"lazy\" decoding=\"async\" width=\"622\" height=\"622\" src=\"https:\/\/durabilitas.ch\/wp-content\/uploads\/2025\/04\/Durabilitas_Analyse_Weiss_150dpi.png\" class=\"attachment-full size-full\" alt=\"\" srcset=\"https:\/\/durabilitas.ch\/wp-content\/uploads\/2025\/04\/Durabilitas_Analyse_Weiss_150dpi.png 622w, https:\/\/durabilitas.ch\/wp-content\/uploads\/2025\/04\/Durabilitas_Analyse_Weiss_150dpi-300x300.png 300w, https:\/\/durabilitas.ch\/wp-content\/uploads\/2025\/04\/Durabilitas_Analyse_Weiss_150dpi-150x150.png 150w, https:\/\/durabilitas.ch\/wp-content\/uploads\/2025\/04\/Durabilitas_Analyse_Weiss_150dpi-430x430.png 430w, https:\/\/durabilitas.ch\/wp-content\/uploads\/2025\/04\/Durabilitas_Analyse_Weiss_150dpi-470x470.png 470w\" sizes=\"auto, (max-width: 622px) 100vw, 622px\" \/>                        <\/figure>\r\n\r\n                        \r\n\r\n                    \r\n                        <h3 class=\"icon-teaser__headline\">\r\n                            Analyse                        <\/h3>\r\n\r\n                    \r\n                    <p class=\"icon-teaser__text\">\r\n                        Nous analysons des approches et exemples pratiques pour les transformer en strat\u00e9gies et instruments pour les parties prenantes suisses.                    <\/p>\r\n\r\n                <\/div><!-- .icon-teaser -->\r\n\r\n            \r\n                <div class=\"icon-teaser fade-up\">\r\n\r\n                    \r\n                        <figure class=\"icon-teaser__image\">\r\n                            <img loading=\"lazy\" decoding=\"async\" width=\"622\" height=\"622\" src=\"https:\/\/durabilitas.ch\/wp-content\/uploads\/2025\/04\/Durabilitas_Wissenstransfer_Weiss_150dpi.png\" class=\"attachment-full size-full\" alt=\"\" srcset=\"https:\/\/durabilitas.ch\/wp-content\/uploads\/2025\/04\/Durabilitas_Wissenstransfer_Weiss_150dpi.png 622w, https:\/\/durabilitas.ch\/wp-content\/uploads\/2025\/04\/Durabilitas_Wissenstransfer_Weiss_150dpi-300x300.png 300w, https:\/\/durabilitas.ch\/wp-content\/uploads\/2025\/04\/Durabilitas_Wissenstransfer_Weiss_150dpi-150x150.png 150w, https:\/\/durabilitas.ch\/wp-content\/uploads\/2025\/04\/Durabilitas_Wissenstransfer_Weiss_150dpi-430x430.png 430w, https:\/\/durabilitas.ch\/wp-content\/uploads\/2025\/04\/Durabilitas_Wissenstransfer_Weiss_150dpi-470x470.png 470w\" sizes=\"auto, (max-width: 622px) 100vw, 622px\" \/>                        <\/figure>\r\n\r\n                        \r\n\r\n                    \r\n                        <h3 class=\"icon-teaser__headline\">\r\n                            Transfert de connaissances                        <\/h3>\r\n\r\n                    \r\n                    <p class=\"icon-teaser__text\">\r\n                        Nous partageons nos connaissances de mani\u00e8re cibl\u00e9e afin que les publics vis\u00e9s en tirent profit.                      <\/p>\r\n\r\n                <\/div><!-- .icon-teaser -->\r\n\r\n            \r\n                <div class=\"icon-teaser fade-up\">\r\n\r\n                    \r\n                        <figure class=\"icon-teaser__image\">\r\n                            <img loading=\"lazy\" decoding=\"async\" width=\"622\" height=\"622\" src=\"https:\/\/durabilitas.ch\/wp-content\/uploads\/2025\/04\/Durabilitas_Pilotprojekte_Weiss_150dpi.png\" class=\"attachment-full size-full\" alt=\"\" srcset=\"https:\/\/durabilitas.ch\/wp-content\/uploads\/2025\/04\/Durabilitas_Pilotprojekte_Weiss_150dpi.png 622w, https:\/\/durabilitas.ch\/wp-content\/uploads\/2025\/04\/Durabilitas_Pilotprojekte_Weiss_150dpi-300x300.png 300w, https:\/\/durabilitas.ch\/wp-content\/uploads\/2025\/04\/Durabilitas_Pilotprojekte_Weiss_150dpi-150x150.png 150w, https:\/\/durabilitas.ch\/wp-content\/uploads\/2025\/04\/Durabilitas_Pilotprojekte_Weiss_150dpi-430x430.png 430w, https:\/\/durabilitas.ch\/wp-content\/uploads\/2025\/04\/Durabilitas_Pilotprojekte_Weiss_150dpi-470x470.png 470w\" sizes=\"auto, (max-width: 622px) 100vw, 622px\" \/>                        <\/figure>\r\n\r\n                        \r\n\r\n                    \r\n                        <h3 class=\"icon-teaser__headline\">\r\n                            Projets pilotes                        <\/h3>\r\n\r\n                    \r\n                    <p class=\"icon-teaser__text\">\r\n                        En collaboration avec nos partenaires, nous d\u00e9veloppons des projets pilotes pour tester nos strat\u00e9gies et instruments.                    <\/p>\r\n\r\n                <\/div><!-- .icon-teaser -->\r\n\r\n            \r\n                <div class=\"icon-teaser fade-up\">\r\n\r\n                    \r\n                        <figure class=\"icon-teaser__image\">\r\n                            <img loading=\"lazy\" decoding=\"async\" width=\"622\" height=\"621\" src=\"https:\/\/durabilitas.ch\/wp-content\/uploads\/2025\/04\/Durabilitas_Dialog_Weiss_150dpi.png\" class=\"attachment-full size-full\" alt=\"\" srcset=\"https:\/\/durabilitas.ch\/wp-content\/uploads\/2025\/04\/Durabilitas_Dialog_Weiss_150dpi.png 622w, https:\/\/durabilitas.ch\/wp-content\/uploads\/2025\/04\/Durabilitas_Dialog_Weiss_150dpi-300x300.png 300w, https:\/\/durabilitas.ch\/wp-content\/uploads\/2025\/04\/Durabilitas_Dialog_Weiss_150dpi-150x150.png 150w, https:\/\/durabilitas.ch\/wp-content\/uploads\/2025\/04\/Durabilitas_Dialog_Weiss_150dpi-430x430.png 430w, https:\/\/durabilitas.ch\/wp-content\/uploads\/2025\/04\/Durabilitas_Dialog_Weiss_150dpi-470x469.png 470w\" sizes=\"auto, (max-width: 622px) 100vw, 622px\" \/>                        <\/figure>\r\n\r\n                        \r\n\r\n                    \r\n                        <h3 class=\"icon-teaser__headline\">\r\n                            Dialogue                        <\/h3>\r\n\r\n                    \r\n                    <p class=\"icon-teaser__text\">\r\n                        Nous cr\u00e9ons un espace pour des \u00e9changes constructifs et des collaborations en r\u00e9unissant des parties prenantes de diff\u00e9rents domaines.                    <\/p>\r\n\r\n                <\/div><!-- .icon-teaser -->\r\n\r\n            \r\n                <div class=\"icon-teaser fade-up\">\r\n\r\n                    \r\n                        <figure class=\"icon-teaser__image\">\r\n                            <img loading=\"lazy\" decoding=\"async\" width=\"622\" height=\"621\" src=\"https:\/\/durabilitas.ch\/wp-content\/uploads\/2025\/04\/Durabilitas_Advocacy_Weiss_150dpi.png\" class=\"attachment-full size-full\" alt=\"\" srcset=\"https:\/\/durabilitas.ch\/wp-content\/uploads\/2025\/04\/Durabilitas_Advocacy_Weiss_150dpi.png 622w, https:\/\/durabilitas.ch\/wp-content\/uploads\/2025\/04\/Durabilitas_Advocacy_Weiss_150dpi-300x300.png 300w, https:\/\/durabilitas.ch\/wp-content\/uploads\/2025\/04\/Durabilitas_Advocacy_Weiss_150dpi-150x150.png 150w, https:\/\/durabilitas.ch\/wp-content\/uploads\/2025\/04\/Durabilitas_Advocacy_Weiss_150dpi-430x430.png 430w, https:\/\/durabilitas.ch\/wp-content\/uploads\/2025\/04\/Durabilitas_Advocacy_Weiss_150dpi-470x469.png 470w\" sizes=\"auto, (max-width: 622px) 100vw, 622px\" \/>                        <\/figure>\r\n\r\n                        \r\n\r\n                    \r\n                        <h3 class=\"icon-teaser__headline\">\r\n                            Plaidoyer                        <\/h3>\r\n\r\n                    \r\n                    <p class=\"icon-teaser__text\">\r\n                        Nous formulons des recommandations concr\u00e8tes pour les acteurs politiques, autorit\u00e9s et associations, et apportons un soutien politique.                    <\/p>\r\n\r\n                <\/div><!-- .icon-teaser -->\r\n\r\n            \r\n        <\/div><!-- .icon-teaser__inner -->\r\n\r\n    <\/section><!-- .icon-teaser-block -->\r\n\r\n\n\n\n<p class=\"wp-block-paragraph\">Notre m\u00e9thode de travail est mise en lumi\u00e8re dans <a href=\"https:\/\/youtu.be\/IOyj0ESovfo?feature=shared\" target=\"_blank\" rel=\"noreferrer noopener\">une vid\u00e9o<\/a> sur notre projet <a href=\"https:\/\/aureverre.ch\" target=\"_blank\" rel=\"noreferrer noopener\">Au REverre<\/a> pour la r\u00e9utilisation du verre en Suisse.<\/p>\n\n\n\n<h2 class=\"wp-block-heading\">Pionniers de la mise en \u0153uvre<\/h2>\n\n\n\n<p class=\"wp-block-paragraph\">Nous poursuivons une approche pionni\u00e8re dans la mise en pratique de la durabilit\u00e9 en Suisse&nbsp;: depuis plus de dix ans, nous faisons concr\u00e8tement avancer la Suisse sur la voie de l\u2019\u00e9conomie circulaire et de la sant\u00e9 des sols. Depuis&nbsp;2024, nous travaillons \u00e9galement sur le th\u00e8me de la transition juste et int\u00e9grons les enjeux de justice dans les mesures et politiques d\u2019environnement.&nbsp;<\/p>\n\n\n\n<p class=\"wp-block-paragraph\">Nous contribuons par notre travail \u00e0 la \u00ab&nbsp;transformation socio-\u00e9cologique de la Suisse&nbsp;\u00bb, autrement dit une transformation profonde vers une soci\u00e9t\u00e9 et une \u00e9conomie r\u00e9silientes qui utilisent les ressources dans le respect des limites plan\u00e9taires.<\/p>\n\n\n\r\n<div id=\"info-slider-block_43aabfd1c37066568d25f12d15fb4a22\" class=\"info-slider splide has-spacing--default\" role=\"group\" aria-label=\"Testimonial-Slider\">\r\n\r\n\r\n    <div class=\"splide__navigation navi--top\">\r\n\r\n        <div class=\"splide__arrows\">\r\n\r\n            <button class=\"splide__arrow splide__arrow--prev image-slider__arrow splide__arrow--reverse\">\r\n                <img decoding=\"async\" src=\"https:\/\/durabilitas.ch\/wp-content\/themes\/durabilitas-theme\/assets\/img\/icons\/icon-arrow-left.svg\" alt=\"Previous Slide\">\r\n            <\/button>\r\n\r\n            <button class=\"splide__arrow splide__arrow--next image-slider__arrow splide__arrow--reverse\">\r\n                <img decoding=\"async\" src=\"https:\/\/durabilitas.ch\/wp-content\/themes\/durabilitas-theme\/assets\/img\/icons\/icon-arrow-left.svg\" alt=\"Next Slide\">\r\n            <\/button>\r\n        <\/div><!-- .splide__arrows -->\r\n\r\n    <\/div><!-- .splide__navigation -->  \r\n\r\n    <div class=\"splide__track\">\r\n        <div class=\"splide__list\">\r\n\r\n            \r\n                <div class=\"info-slide splide__slide\">\r\n\r\n                    \r\n                        <figure class=\"info-slide__image\">\r\n                            <img loading=\"lazy\" decoding=\"async\" width=\"600\" height=\"570\" src=\"https:\/\/durabilitas.ch\/wp-content\/uploads\/2025\/04\/durabilitas_vision-600x570.jpeg\" class=\"attachment-info-slider-image size-info-slider-image\" alt=\"\" style=\"object-position: 32% 56%;\" \/>                        <\/figure>\r\n\r\n                    \r\n                    <div class=\"info-slide__content\">\r\n                        \r\n                        <h3 class=\"info-slide__headline\">\r\n                            Vision &amp; valeurs                        <\/h3>\r\n\r\n                        <p class=\"info-slide__text\">\r\n                            En savoir plus sur notre vision et nos valeurs                        <\/p>\r\n\r\n                                                    <a class=\"btn--border\" href=\"https:\/\/durabilitas.ch\/fr\/a-propos-de-nous\/vision-et-valeurs\/\"\r\n                            >\r\n                                Vision &amp; valeurs                            <\/a>\r\n                        \r\n                    <\/div><!-- .info-slide__content -->\r\n\r\n                <\/div><!-- .testimonial-slide -->\r\n\r\n            \r\n        <\/div><!-- .splide__list -->\r\n    <\/div><!-- .splide__track -->\r\n\r\n  \r\n\r\n<\/div><!-- .testimonial-slider -->\r\n\r\n\n\n\n<h2 class=\"wp-block-heading\">Nos collaborations<\/h2>\n\n\n\n<p class=\"wp-block-paragraph\">Nous travaillons avec des partenaires vari\u00e9s issus des milieux scientifiques, politiques et \u00e9conomiques, de l\u2019administration publique et de la soci\u00e9t\u00e9 civile. Nous cr\u00e9ons ainsi des liens entre la Suisse al\u00e9manique et la Suisse romande et r\u00e9unissons diverses parties prenantes afin d\u2019encourager leur collaboration. Nous favorisons une coop\u00e9ration constructive et \u0153uvrons \u00e0 la transdisciplinarit\u00e9 et l\u2019interdisciplinarit\u00e9 dans la science et dans la mise en \u0153uvre. Convaincu-es que l\u2019union fait la force, nous \u00e9changeons par ailleurs volontiers avec d\u2019autres organisations.<\/p>\n\n\n\r\n<div class=\"teaser-abschnitt has-spacing--default has-color-blue-light\">\r\n    <div class=\"acf-innerblocks-container\">\n\n<h2 class=\"wp-block-heading is-style--kicker\"><strong>Th\u00e8mes<\/strong><\/h2>\n\n\n\n<p class=\"teaser-abschnitt__text\">D\u00e9couvrez nos trois grands axes de travail&nbsp;: l\u2019\u00e9conomie circulaire, la sant\u00e9 des sols, et la transition juste.<\/p>\n\n<\/div>\r\n            <a class=\"btn--border\" href=\"https:\/\/durabilitas.ch\/fr\/themes\/\" \r\n        >\r\n            Nos Th\u00e8mes        <\/a>\r\n    \r\n<\/div>\n\n\r\n<div id=\"contact-block_e752fa0623468f47453e3113ccb7db7b\" class=\"contact-block has-spacing--default\">\r\n\r\n    <h5 class=\"contact-block__headline wp-block-heading is-style--kicker\">\r\n        Vous souhaitez travailler avec nous ?    <\/h5>\r\n\r\n    <p class=\"contact-block__text\">\r\n        N\u2019h\u00e9sitez pas \u00e0 nous contacter. Vous pouvez \u00e9galement soutenir notre travail en nous faisant parvenir un don en ligne.    <\/p>\r\n\r\n    <div class=\"btn--container\">\r\n\r\n        <a class=\"btn--icon\" href=\"https:\/\/durabilitas.ch\/fr\/a-propos-de-nous\/contact\/\">\r\n            <img decoding=\"async\" src=\"https:\/\/durabilitas.ch\/wp-content\/themes\/durabilitas-theme\/assets\/img\/icons\/icon-contactform.svg\" width=\"22\">\r\n            Formulaire de contact        <\/a>\r\n\r\n        <a class=\"btn--icon\" href=\"mailto:info@durabilitas.ch\">\r\n            <img decoding=\"async\" src=\"https:\/\/durabilitas.ch\/wp-content\/themes\/durabilitas-theme\/assets\/img\/icons\/icon-email.svg\" width=\"22\">\r\n            Par e-mail        <\/a>\r\n\r\n        <a class=\"btn--icon\" href=\"tel:+41 (0)33 533 22 14\">\r\n            <img decoding=\"async\" src=\"https:\/\/durabilitas.ch\/wp-content\/themes\/durabilitas-theme\/assets\/img\/icons\/icon-phone.svg\" width=\"22\">\r\n            Par t\u00e9l\u00e9phone        <\/a>\r\n\r\n    <\/div><!-- .btn--container -->\r\n\r\n<\/div>\r\n\r\n","protected":false},"excerpt":{"rendered":"<p>Nous identifions et analysons les obstacles \u00e0 une transformation socio-\u00e9cologique. En nous appuyant sur les &#8230;<\/p>\n","protected":false},"author":1,"featured_media":0,"parent":0,"menu_order":0,"comment_status":"closed","ping_status":"closed","template":"","meta":{"_acf_changed":false,"footnotes":""},"class_list":["post-2591","page","type-page","status-publish","hentry"],"acf":[],"yoast_head":"<!-- This site is optimized with the Yoast SEO plugin v27.3 - https:\/\/yoast.com\/product\/yoast-seo-wordpress\/ -->\n<title>M\u00e9thode de travail - Durabilitas<\/title>\n<meta name=\"description\" content=\"D\u00e9couvrez comment notre Think &amp; Do Tank \u0153uvre pour la durabilit\u00e9. Nos points forts : analyse, transfert de connaissances, projets pilotes, dialogue, et plaidoyer.\" \/>\n<meta name=\"robots\" content=\"index, follow, max-snippet:-1, max-image-preview:large, max-video-preview:-1\" \/>\n<link rel=\"canonical\" href=\"https:\/\/durabilitas.ch\/fr\/methode-de-travail\/\" \/>\n<meta property=\"og:locale\" content=\"fr_FR\" \/>\n<meta property=\"og:type\" content=\"article\" \/>\n<meta property=\"og:title\" content=\"M\u00e9thode de travail - Durabilitas\" \/>\n<meta property=\"og:description\" content=\"D\u00e9couvrez comment notre Think &amp; Do Tank \u0153uvre pour la durabilit\u00e9. Nos points forts : analyse, transfert de connaissances, projets pilotes, dialogue, et plaidoyer.\" \/>\n<meta property=\"og:url\" content=\"https:\/\/durabilitas.ch\/fr\/methode-de-travail\/\" \/>\n<meta property=\"og:site_name\" content=\"Durabilitas\" \/>\n<meta property=\"article:modified_time\" content=\"2025-06-25T08:40:14+00:00\" \/>\n<meta name=\"twitter:card\" content=\"summary_large_image\" \/>\n<script type=\"application\/ld+json\" class=\"yoast-schema-graph\">{\"@context\":\"https:\\\/\\\/schema.org\",\"@graph\":[{\"@type\":\"WebPage\",\"@id\":\"https:\\\/\\\/durabilitas.ch\\\/fr\\\/methode-de-travail\\\/\",\"url\":\"https:\\\/\\\/durabilitas.ch\\\/fr\\\/methode-de-travail\\\/\",\"name\":\"M\u00e9thode de travail - Durabilitas\",\"isPartOf\":{\"@id\":\"https:\\\/\\\/durabilitas.ch\\\/fr\\\/#website\"},\"datePublished\":\"2025-01-16T13:32:22+00:00\",\"dateModified\":\"2025-06-25T08:40:14+00:00\",\"description\":\"D\u00e9couvrez comment notre Think & Do Tank \u0153uvre pour la durabilit\u00e9. Nos points forts : analyse, transfert de connaissances, projets pilotes, dialogue, et plaidoyer.\",\"breadcrumb\":{\"@id\":\"https:\\\/\\\/durabilitas.ch\\\/fr\\\/methode-de-travail\\\/#breadcrumb\"},\"inLanguage\":\"fr-FR\",\"potentialAction\":[{\"@type\":\"ReadAction\",\"target\":[\"https:\\\/\\\/durabilitas.ch\\\/fr\\\/methode-de-travail\\\/\"]}]},{\"@type\":\"BreadcrumbList\",\"@id\":\"https:\\\/\\\/durabilitas.ch\\\/fr\\\/methode-de-travail\\\/#breadcrumb\",\"itemListElement\":[{\"@type\":\"ListItem\",\"position\":1,\"name\":\"Home\",\"item\":\"https:\\\/\\\/durabilitas.ch\\\/fr\\\/\"},{\"@type\":\"ListItem\",\"position\":2,\"name\":\"M\u00e9thode de travail\"}]},{\"@type\":\"WebSite\",\"@id\":\"https:\\\/\\\/durabilitas.ch\\\/fr\\\/#website\",\"url\":\"https:\\\/\\\/durabilitas.ch\\\/fr\\\/\",\"name\":\"Durabilitas\",\"description\":\"\",\"potentialAction\":[{\"@type\":\"SearchAction\",\"target\":{\"@type\":\"EntryPoint\",\"urlTemplate\":\"https:\\\/\\\/durabilitas.ch\\\/fr\\\/?s={search_term_string}\"},\"query-input\":{\"@type\":\"PropertyValueSpecification\",\"valueRequired\":true,\"valueName\":\"search_term_string\"}}],\"inLanguage\":\"fr-FR\"}]}<\/script>\n<!-- \/ Yoast SEO plugin. -->","yoast_head_json":{"title":"M\u00e9thode de travail - Durabilitas","description":"D\u00e9couvrez comment notre Think & Do Tank \u0153uvre pour la durabilit\u00e9. Nos points forts : analyse, transfert de connaissances, projets pilotes, dialogue, et plaidoyer.","robots":{"index":"index","follow":"follow","max-snippet":"max-snippet:-1","max-image-preview":"max-image-preview:large","max-video-preview":"max-video-preview:-1"},"canonical":"https:\/\/durabilitas.ch\/fr\/methode-de-travail\/","og_locale":"fr_FR","og_type":"article","og_title":"M\u00e9thode de travail - Durabilitas","og_description":"D\u00e9couvrez comment notre Think & Do Tank \u0153uvre pour la durabilit\u00e9. Nos points forts : analyse, transfert de connaissances, projets pilotes, dialogue, et plaidoyer.","og_url":"https:\/\/durabilitas.ch\/fr\/methode-de-travail\/","og_site_name":"Durabilitas","article_modified_time":"2025-06-25T08:40:14+00:00","twitter_card":"summary_large_image","schema":{"@context":"https:\/\/schema.org","@graph":[{"@type":"WebPage","@id":"https:\/\/durabilitas.ch\/fr\/methode-de-travail\/","url":"https:\/\/durabilitas.ch\/fr\/methode-de-travail\/","name":"M\u00e9thode de travail - Durabilitas","isPartOf":{"@id":"https:\/\/durabilitas.ch\/fr\/#website"},"datePublished":"2025-01-16T13:32:22+00:00","dateModified":"2025-06-25T08:40:14+00:00","description":"D\u00e9couvrez comment notre Think & Do Tank \u0153uvre pour la durabilit\u00e9. Nos points forts : analyse, transfert de connaissances, projets pilotes, dialogue, et plaidoyer.","breadcrumb":{"@id":"https:\/\/durabilitas.ch\/fr\/methode-de-travail\/#breadcrumb"},"inLanguage":"fr-FR","potentialAction":[{"@type":"ReadAction","target":["https:\/\/durabilitas.ch\/fr\/methode-de-travail\/"]}]},{"@type":"BreadcrumbList","@id":"https:\/\/durabilitas.ch\/fr\/methode-de-travail\/#breadcrumb","itemListElement":[{"@type":"ListItem","position":1,"name":"Home","item":"https:\/\/durabilitas.ch\/fr\/"},{"@type":"ListItem","position":2,"name":"M\u00e9thode de travail"}]},{"@type":"WebSite","@id":"https:\/\/durabilitas.ch\/fr\/#website","url":"https:\/\/durabilitas.ch\/fr\/","name":"Durabilitas","description":"","potentialAction":[{"@type":"SearchAction","target":{"@type":"EntryPoint","urlTemplate":"https:\/\/durabilitas.ch\/fr\/?s={search_term_string}"},"query-input":{"@type":"PropertyValueSpecification","valueRequired":true,"valueName":"search_term_string"}}],"inLanguage":"fr-FR"}]}},"_links":{"self":[{"href":"https:\/\/durabilitas.ch\/fr\/wp-json\/wp\/v2\/pages\/2591","targetHints":{"allow":["GET"]}}],"collection":[{"href":"https:\/\/durabilitas.ch\/fr\/wp-json\/wp\/v2\/pages"}],"about":[{"href":"https:\/\/durabilitas.ch\/fr\/wp-json\/wp\/v2\/types\/page"}],"author":[{"embeddable":true,"href":"https:\/\/durabilitas.ch\/fr\/wp-json\/wp\/v2\/users\/1"}],"replies":[{"embeddable":true,"href":"https:\/\/durabilitas.ch\/fr\/wp-json\/wp\/v2\/comments?post=2591"}],"version-history":[{"count":1,"href":"https:\/\/durabilitas.ch\/fr\/wp-json\/wp\/v2\/pages\/2591\/revisions"}],"predecessor-version":[{"id":4775,"href":"https:\/\/durabilitas.ch\/fr\/wp-json\/wp\/v2\/pages\/2591\/revisions\/4775"}],"wp:attachment":[{"href":"https:\/\/durabilitas.ch\/fr\/wp-json\/wp\/v2\/media?parent=2591"}],"curies":[{"name":"wp","href":"https:\/\/api.w.org\/{rel}","templated":true}]}}