{"id":1237,"date":"2025-02-21T09:02:43","date_gmt":"2025-02-21T09:02:43","guid":{"rendered":"https:\/\/durabilitas.ch\/?page_id=1237"},"modified":"2025-11-20T10:19:40","modified_gmt":"2025-11-20T10:19:40","slug":"histoire-financement","status":"publish","type":"page","link":"https:\/\/durabilitas.ch\/fr\/a-propos-de-nous\/histoire-financement\/","title":{"rendered":"Histoire &amp; financement"},"content":{"rendered":"\r\n<header id=\"header-block_f09bb6e9d76855519333ccf25952d5bb\" class=\"page-header has-no-image has-spacing--default\">\r\n\r\n    \r\n    <div class=\"page-header__content has-no-image\">\r\n\r\n        <div class=\"page-header__inner\">\r\n\r\n            <div class=\"page-header__title\">\n\n<h1 class=\"wp-block-heading is-style--kicker\">\u00c0 propos de nous<\/h1>\n\n\n\n<h2 class=\"wp-block-heading\">Histoire &amp; financement<\/h2>\n\n\n\n<p class=\"page-header__text\">Du Centre suisse de formation pour la protection de la nature et de l\u2019environnement&nbsp;\u00ab&nbsp;SANU&nbsp;\u00bb \u00e0 l\u2019actuel Think &amp; Do tank \u00ab&nbsp;Durabilitas&nbsp;\u00bb en passant par une r\u00e9orientation en tant que Think Tank, notre histoire est riche et anim\u00e9e.<\/p>\n\n<\/div>\r\n        <\/div>\r\n\r\n        \r\n        \r\n    <\/div><!-- .page-header__content -->\r\n\r\n\r\n    \r\n<\/header>\r\n\r\n\n\n\n<p class=\"wp-block-paragraph\">Tout a commenc\u00e9 en&nbsp;1989, lorsque ProNatura, le WWF, et l\u2019Acad\u00e9mie suisse des sciences naturelles (SCNAT) ont cr\u00e9\u00e9 la Fondation SANU (Centre suisse de formation pour la protection de la nature et de l\u2019environnement \u2013 Schweizerische Ausbildungsst\u00e4tte f\u00fcr Natur- und Umweltschutz).<\/p>\n\n\n\n<p class=\"wp-block-paragraph\">En&nbsp;2012, le Centre de formation est devenu une soci\u00e9t\u00e9 anonyme (<a href=\"https:\/\/www.sanu.ch\/fr\">sanu <\/a><a href=\"https:\/\/www.sanu.ch\/fr\" target=\"_blank\" rel=\"noreferrer noopener\">future learning&nbsp;sa<\/a>) et la fondation s\u2019est repositionn\u00e9e en tant que Think Tank pour le d\u00e9veloppement durable&nbsp;: sanu durabilitas.<\/p>\n\n\n\r\n<figure id=\"image-block_48620d39e16f0712867d35b32e3c8faa\" class=\"image-block fade-up has-spacing--default\">\r\n    \r\n    <img loading=\"lazy\" decoding=\"async\" width=\"1070\" height=\"602\" src=\"https:\/\/durabilitas.ch\/wp-content\/uploads\/2025\/03\/GeschichteDurabilitas-1070x602.png\" class=\"attachment-single-image--full size-single-image--full\" alt=\"Die Entwicklung der Stiftung sanu zum heutigen Think &amp; Do Tank\" srcset=\"https:\/\/durabilitas.ch\/wp-content\/uploads\/2025\/03\/GeschichteDurabilitas-1070x602.png 1070w, https:\/\/durabilitas.ch\/wp-content\/uploads\/2025\/03\/GeschichteDurabilitas-300x169.png 300w, https:\/\/durabilitas.ch\/wp-content\/uploads\/2025\/03\/GeschichteDurabilitas-1024x576.png 1024w, https:\/\/durabilitas.ch\/wp-content\/uploads\/2025\/03\/GeschichteDurabilitas-768x432.png 768w, https:\/\/durabilitas.ch\/wp-content\/uploads\/2025\/03\/GeschichteDurabilitas-1536x864.png 1536w, https:\/\/durabilitas.ch\/wp-content\/uploads\/2025\/03\/GeschichteDurabilitas-470x264.png 470w, https:\/\/durabilitas.ch\/wp-content\/uploads\/2025\/03\/GeschichteDurabilitas.png 1600w\" sizes=\"auto, (max-width: 1070px) 100vw, 1070px\" \/><figcaption class=\"image-block__caption\"> <\/figcaption><p class=\"image-block__text\">De \u00ab SANU \u00bb \u00e0 \u00ab Durabilitas \u00bb en passant par \u00ab sanu durabilitas \u00bb, nous sommes aujourd\u2019hui un Think &amp; Do Tank ind\u00e9pendant.<\/p><\/figure>\r\n\r\n\n\n\n<p class=\"wp-block-paragraph\">Au fil des ann\u00e9es, l\u2019\u00e9ventail de nos activit\u00e9s s\u2019est \u00e9largi tout comme l\u2019\u00e9quipe de notre secr\u00e9tariat qui compte actuellement dix collaboratrices et collaborateurs. D\u00e8s&nbsp;2025, notre Think &amp; Do Tank se pr\u00e9sente sous le nom de \u00ab&nbsp;Durabilitas&nbsp;\u00bb. Ce changement s\u2019accompagne d\u2019un nouveau logo et d\u2019une identit\u00e9 visuelle plus homog\u00e8ne. Notre nouvelle image met mieux en avant notre positionnement et \u00e9vite la confusion avec notre partenaire de longue date, l\u2019entreprise \u00ab&nbsp;<a href=\"https:\/\/www.sanu.ch\/fr\" target=\"_blank\" rel=\"noreferrer noopener\">sanu&nbsp;future learning sa&nbsp;<\/a>\u00bb.<\/p>\n\n\n\n<h3 class=\"wp-block-heading\">Nous ne sommes pas une fondation philanthropique \u2013 nos sources de financement<\/h3>\n\n\n\n<p class=\"wp-block-paragraph\">Nous ne sommes pas une fondation philanthropique et n\u2019acceptons donc pas les demandes de soutien financier. Le financement de nos projets et du fonctionnement de notre Think &amp; Do Tank d\u00e9pend de sources externes. Nos principaux partenaires de financement sont les fondations philanthropiques, le secteur public et, dans une moindre mesure, des entreprises et des particuliers (vers <a href=\"https:\/\/durabilitas.ch\/fr\/a-propos-de-nous\/partenaires\/\">nos partenaire<\/a>).<\/p>\n\n\n\r\n<div id=\"testimonial-slider-block_855e2aa0dfb8782fdb9cd0b3420955aa\" class=\"testimonial-slider splide has-spacing--default\" role=\"group\" aria-label=\"Testimonial-Slider\">\r\n\r\n     \r\n        <h3 class=\"wp-block-heading is-style--kicker\">Ce que disent nos partenaires<\/h3>\r\n    \r\n    <div class=\"splide__navigation navi--top\">\r\n\r\n        <div class=\"splide__arrows\">\r\n\r\n            <button class=\"splide__arrow splide__arrow--prev image-slider__arrow splide__arrow--reverse\">\r\n                <img decoding=\"async\" src=\"https:\/\/durabilitas.ch\/wp-content\/themes\/durabilitas-theme\/assets\/img\/icons\/icon-arrow-left.svg\" alt=\"Previous Slide\">\r\n            <\/button>\r\n\r\n            <button class=\"splide__arrow splide__arrow--next image-slider__arrow splide__arrow--reverse\">\r\n                <img decoding=\"async\" src=\"https:\/\/durabilitas.ch\/wp-content\/themes\/durabilitas-theme\/assets\/img\/icons\/icon-arrow-left.svg\" alt=\"Next Slide\">\r\n            <\/button>\r\n        <\/div><!-- .splide__arrows -->\r\n\r\n    <\/div><!-- .splide__navigation -->  \r\n\r\n    <div class=\"splide__track\">\r\n        <div class=\"splide__list\">\r\n\r\n            \r\n                <div class=\"testimonial-slide splide__slide\">\r\n\r\n                    \r\n                        <figure class=\"testimonial-slide__image\">\r\n                            <img loading=\"lazy\" decoding=\"async\" width=\"430\" height=\"430\" src=\"https:\/\/durabilitas.ch\/wp-content\/uploads\/2025\/04\/MM_Portrait-430x430.jpeg\" class=\"attachment-testimonial-slider-image size-testimonial-slider-image\" alt=\"\" srcset=\"https:\/\/durabilitas.ch\/wp-content\/uploads\/2025\/04\/MM_Portrait-430x430.jpeg 430w, https:\/\/durabilitas.ch\/wp-content\/uploads\/2025\/04\/MM_Portrait-300x300.jpeg 300w, https:\/\/durabilitas.ch\/wp-content\/uploads\/2025\/04\/MM_Portrait-150x150.jpeg 150w, https:\/\/durabilitas.ch\/wp-content\/uploads\/2025\/04\/MM_Portrait-768x766.jpeg 768w, https:\/\/durabilitas.ch\/wp-content\/uploads\/2025\/04\/MM_Portrait-470x469.jpeg 470w, https:\/\/durabilitas.ch\/wp-content\/uploads\/2025\/04\/MM_Portrait.jpeg 850w\" sizes=\"auto, (max-width: 430px) 100vw, 430px\" \/>                        <\/figure>\r\n\r\n                    \r\n                    <div class=\"testimonial-slide__content\">\r\n                        \r\n                        <blockquote>\r\n                            <p class=\"testimonial-slide__quote\">\r\n                                \u00ab La force de Durabilitas est de faire avancer des th\u00e8mes cl\u00e9s pour la durabilit\u00e9 en Suisse : faire toutes les analyses, pr\u00e9paratifs et informations en amont, identifier le moment opportun, et accompagner les personnes concern\u00e9es \u00bb                            <\/p>\r\n                            <cite>Marc M\u00fcnster, sanu <\/cite>\r\n                        <\/blockquote>\r\n\r\n                    <\/div>\r\n\r\n                <\/div><!-- .testimonial-slide -->\r\n\r\n            \r\n                <div class=\"testimonial-slide splide__slide\">\r\n\r\n                    \r\n                        <figure class=\"testimonial-slide__image\">\r\n                            <img loading=\"lazy\" decoding=\"async\" width=\"430\" height=\"430\" src=\"https:\/\/durabilitas.ch\/wp-content\/uploads\/2025\/04\/CG_Portrait-430x430.jpeg\" class=\"attachment-testimonial-slider-image size-testimonial-slider-image\" alt=\"\" srcset=\"https:\/\/durabilitas.ch\/wp-content\/uploads\/2025\/04\/CG_Portrait-430x430.jpeg 430w, https:\/\/durabilitas.ch\/wp-content\/uploads\/2025\/04\/CG_Portrait-300x300.jpeg 300w, https:\/\/durabilitas.ch\/wp-content\/uploads\/2025\/04\/CG_Portrait-150x150.jpeg 150w, https:\/\/durabilitas.ch\/wp-content\/uploads\/2025\/04\/CG_Portrait-768x767.jpeg 768w, https:\/\/durabilitas.ch\/wp-content\/uploads\/2025\/04\/CG_Portrait-470x469.jpeg 470w, https:\/\/durabilitas.ch\/wp-content\/uploads\/2025\/04\/CG_Portrait.jpeg 852w\" sizes=\"auto, (max-width: 430px) 100vw, 430px\" \/>                        <\/figure>\r\n\r\n                    \r\n                    <div class=\"testimonial-slide__content\">\r\n                        \r\n                        <blockquote>\r\n                            <p class=\"testimonial-slide__quote\">\r\n                                \u00ab \u202fNous sommes li\u00e9s par une histoire commune et une grande proximit\u00e9. Durabilitas d\u00e9veloppe des th\u00e8mes et les \u00e9taye par des connaissances solides, et sanu les int\u00e8gre dans les actions des gens \u00bb                            <\/p>\r\n                            <cite>Christine Gubser, sanu <\/cite>\r\n                        <\/blockquote>\r\n\r\n                    <\/div>\r\n\r\n                <\/div><!-- .testimonial-slide -->\r\n\r\n            \r\n        <\/div><!-- .splide__list -->\r\n    <\/div><!-- .splide__track -->\r\n\r\n  \r\n\r\n<\/div><!-- .testimonial-slider -->\r\n\r\n\n\n\r\n<div class=\"teaser-abschnitt has-spacing--default has-color-blue-light\">\r\n    <div class=\"acf-innerblocks-container\">\n\n<h2 class=\"wp-block-heading is-style--kicker\">Vous souhaitez nous soutenir\u00a0?<\/h2>\n\n\n\n<p class=\"teaser-abschnitt__text\">N\u2019h\u00e9sitez pas \u00e0 nous contacter. Vous pouvez \u00e9galement nous faire un don en ligne.<\/p>\n\n<\/div>\r\n    \r\n<\/div>","protected":false},"excerpt":{"rendered":"<p>Tout a commenc\u00e9 en&nbsp;1989, lorsque ProNatura, le WWF, et l\u2019Acad\u00e9mie suisse des sciences naturelles (SCNAT) &#8230;<\/p>\n","protected":false},"author":3,"featured_media":0,"parent":2593,"menu_order":0,"comment_status":"closed","ping_status":"closed","template":"","meta":{"_acf_changed":false,"footnotes":""},"class_list":["post-1237","page","type-page","status-publish","hentry"],"acf":[],"yoast_head":"<!-- This site is optimized with the Yoast SEO plugin v27.5 - https:\/\/yoast.com\/product\/yoast-seo-wordpress\/ -->\n<title>Histoire &amp; financement - Durabilitas<\/title>\n<meta name=\"description\" content=\"Nous combinons une approche pionni\u00e8re de la durabilit\u00e9, une longue exp\u00e9rience dans le domaine de la transition socio-\u00e9cologique, et un financement ind\u00e9pendant.\" \/>\n<meta name=\"robots\" content=\"index, follow, max-snippet:-1, max-image-preview:large, max-video-preview:-1\" \/>\n<link rel=\"canonical\" href=\"https:\/\/durabilitas.ch\/fr\/a-propos-de-nous\/histoire-financement\/\" \/>\n<meta property=\"og:locale\" content=\"fr_FR\" \/>\n<meta property=\"og:type\" content=\"article\" \/>\n<meta property=\"og:title\" content=\"Histoire &amp; financement - Durabilitas\" \/>\n<meta property=\"og:description\" content=\"Nous combinons une approche pionni\u00e8re de la durabilit\u00e9, une longue exp\u00e9rience dans le domaine de la transition socio-\u00e9cologique, et un financement ind\u00e9pendant.\" \/>\n<meta property=\"og:url\" content=\"https:\/\/durabilitas.ch\/fr\/a-propos-de-nous\/histoire-financement\/\" \/>\n<meta property=\"og:site_name\" content=\"Durabilitas\" \/>\n<meta property=\"article:modified_time\" content=\"2025-11-20T10:19:40+00:00\" \/>\n<meta name=\"twitter:card\" content=\"summary_large_image\" \/>\n<script type=\"application\/ld+json\" class=\"yoast-schema-graph\">{\"@context\":\"https:\\\/\\\/schema.org\",\"@graph\":[{\"@type\":\"WebPage\",\"@id\":\"https:\\\/\\\/durabilitas.ch\\\/fr\\\/a-propos-de-nous\\\/histoire-financement\\\/\",\"url\":\"https:\\\/\\\/durabilitas.ch\\\/fr\\\/a-propos-de-nous\\\/histoire-financement\\\/\",\"name\":\"Histoire &amp; financement - Durabilitas\",\"isPartOf\":{\"@id\":\"https:\\\/\\\/durabilitas.ch\\\/fr\\\/#website\"},\"datePublished\":\"2025-02-21T09:02:43+00:00\",\"dateModified\":\"2025-11-20T10:19:40+00:00\",\"description\":\"Nous combinons une approche pionni\u00e8re de la durabilit\u00e9, une longue exp\u00e9rience dans le domaine de la transition socio-\u00e9cologique, et un financement ind\u00e9pendant.\",\"breadcrumb\":{\"@id\":\"https:\\\/\\\/durabilitas.ch\\\/fr\\\/a-propos-de-nous\\\/histoire-financement\\\/#breadcrumb\"},\"inLanguage\":\"fr-FR\",\"potentialAction\":[{\"@type\":\"ReadAction\",\"target\":[\"https:\\\/\\\/durabilitas.ch\\\/fr\\\/a-propos-de-nous\\\/histoire-financement\\\/\"]}]},{\"@type\":\"BreadcrumbList\",\"@id\":\"https:\\\/\\\/durabilitas.ch\\\/fr\\\/a-propos-de-nous\\\/histoire-financement\\\/#breadcrumb\",\"itemListElement\":[{\"@type\":\"ListItem\",\"position\":1,\"name\":\"Home\",\"item\":\"https:\\\/\\\/durabilitas.ch\\\/fr\\\/\"},{\"@type\":\"ListItem\",\"position\":2,\"name\":\"\u00c0 propos de nous\",\"item\":\"https:\\\/\\\/durabilitas.ch\\\/fr\\\/a-propos-de-nous\\\/\"},{\"@type\":\"ListItem\",\"position\":3,\"name\":\"Histoire &amp; financement\"}]},{\"@type\":\"WebSite\",\"@id\":\"https:\\\/\\\/durabilitas.ch\\\/fr\\\/#website\",\"url\":\"https:\\\/\\\/durabilitas.ch\\\/fr\\\/\",\"name\":\"Durabilitas\",\"description\":\"\",\"potentialAction\":[{\"@type\":\"SearchAction\",\"target\":{\"@type\":\"EntryPoint\",\"urlTemplate\":\"https:\\\/\\\/durabilitas.ch\\\/fr\\\/?s={search_term_string}\"},\"query-input\":{\"@type\":\"PropertyValueSpecification\",\"valueRequired\":true,\"valueName\":\"search_term_string\"}}],\"inLanguage\":\"fr-FR\"}]}<\/script>\n<!-- \/ Yoast SEO plugin. -->","yoast_head_json":{"title":"Histoire &amp; financement - Durabilitas","description":"Nous combinons une approche pionni\u00e8re de la durabilit\u00e9, une longue exp\u00e9rience dans le domaine de la transition socio-\u00e9cologique, et un financement ind\u00e9pendant.","robots":{"index":"index","follow":"follow","max-snippet":"max-snippet:-1","max-image-preview":"max-image-preview:large","max-video-preview":"max-video-preview:-1"},"canonical":"https:\/\/durabilitas.ch\/fr\/a-propos-de-nous\/histoire-financement\/","og_locale":"fr_FR","og_type":"article","og_title":"Histoire &amp; financement - Durabilitas","og_description":"Nous combinons une approche pionni\u00e8re de la durabilit\u00e9, une longue exp\u00e9rience dans le domaine de la transition socio-\u00e9cologique, et un financement ind\u00e9pendant.","og_url":"https:\/\/durabilitas.ch\/fr\/a-propos-de-nous\/histoire-financement\/","og_site_name":"Durabilitas","article_modified_time":"2025-11-20T10:19:40+00:00","twitter_card":"summary_large_image","schema":{"@context":"https:\/\/schema.org","@graph":[{"@type":"WebPage","@id":"https:\/\/durabilitas.ch\/fr\/a-propos-de-nous\/histoire-financement\/","url":"https:\/\/durabilitas.ch\/fr\/a-propos-de-nous\/histoire-financement\/","name":"Histoire &amp; financement - Durabilitas","isPartOf":{"@id":"https:\/\/durabilitas.ch\/fr\/#website"},"datePublished":"2025-02-21T09:02:43+00:00","dateModified":"2025-11-20T10:19:40+00:00","description":"Nous combinons une approche pionni\u00e8re de la durabilit\u00e9, une longue exp\u00e9rience dans le domaine de la transition socio-\u00e9cologique, et un financement ind\u00e9pendant.","breadcrumb":{"@id":"https:\/\/durabilitas.ch\/fr\/a-propos-de-nous\/histoire-financement\/#breadcrumb"},"inLanguage":"fr-FR","potentialAction":[{"@type":"ReadAction","target":["https:\/\/durabilitas.ch\/fr\/a-propos-de-nous\/histoire-financement\/"]}]},{"@type":"BreadcrumbList","@id":"https:\/\/durabilitas.ch\/fr\/a-propos-de-nous\/histoire-financement\/#breadcrumb","itemListElement":[{"@type":"ListItem","position":1,"name":"Home","item":"https:\/\/durabilitas.ch\/fr\/"},{"@type":"ListItem","position":2,"name":"\u00c0 propos de nous","item":"https:\/\/durabilitas.ch\/fr\/a-propos-de-nous\/"},{"@type":"ListItem","position":3,"name":"Histoire &amp; financement"}]},{"@type":"WebSite","@id":"https:\/\/durabilitas.ch\/fr\/#website","url":"https:\/\/durabilitas.ch\/fr\/","name":"Durabilitas","description":"","potentialAction":[{"@type":"SearchAction","target":{"@type":"EntryPoint","urlTemplate":"https:\/\/durabilitas.ch\/fr\/?s={search_term_string}"},"query-input":{"@type":"PropertyValueSpecification","valueRequired":true,"valueName":"search_term_string"}}],"inLanguage":"fr-FR"}]}},"_links":{"self":[{"href":"https:\/\/durabilitas.ch\/fr\/wp-json\/wp\/v2\/pages\/1237","targetHints":{"allow":["GET"]}}],"collection":[{"href":"https:\/\/durabilitas.ch\/fr\/wp-json\/wp\/v2\/pages"}],"about":[{"href":"https:\/\/durabilitas.ch\/fr\/wp-json\/wp\/v2\/types\/page"}],"author":[{"embeddable":true,"href":"https:\/\/durabilitas.ch\/fr\/wp-json\/wp\/v2\/users\/3"}],"replies":[{"embeddable":true,"href":"https:\/\/durabilitas.ch\/fr\/wp-json\/wp\/v2\/comments?post=1237"}],"version-history":[{"count":5,"href":"https:\/\/durabilitas.ch\/fr\/wp-json\/wp\/v2\/pages\/1237\/revisions"}],"predecessor-version":[{"id":5837,"href":"https:\/\/durabilitas.ch\/fr\/wp-json\/wp\/v2\/pages\/1237\/revisions\/5837"}],"up":[{"embeddable":true,"href":"https:\/\/durabilitas.ch\/fr\/wp-json\/wp\/v2\/pages\/2593"}],"wp:attachment":[{"href":"https:\/\/durabilitas.ch\/fr\/wp-json\/wp\/v2\/media?parent=1237"}],"curies":[{"name":"wp","href":"https:\/\/api.w.org\/{rel}","templated":true}]}}